{"id":2585,"date":"2022-07-19T11:46:57","date_gmt":"2022-07-19T11:46:57","guid":{"rendered":"http:\/\/cristianrojas.es\/?page_id=2585"},"modified":"2022-07-19T11:58:58","modified_gmt":"2022-07-19T11:58:58","slug":"politica-de-privacidad","status":"publish","type":"page","link":"https:\/\/cristianrojas.es\/en\/politica-de-privacidad\/","title":{"rendered":"Pol\u00edtica de privacidad"},"content":{"rendered":"<h2 class=\"has-ast-global-color-7-color has-ast-global-color-5-background-color has-text-color has-background wp-block-heading\">Pol\u00edtica de privacidad Cristian Rojas<\/h2><p class=\"has-ast-global-color-7-color has-text-color\">www.cristianrojas.es para proteger los derechos individuales, sobre todo en relaci\u00f3n con los tratamientos automatizados y con voluntad de ser transparentes con el Usuario, ha establecido una pol\u00edtica que recoge el conjunto de dichos tratamientos, los fines perseguidos por estos \u00faltimos, la legitimidad de los mismos y tambi\u00e9n los instrumentos a disposici\u00f3n del Usuario para que pueda ejercer sus derechos.<\/p><p>La navegaci\u00f3n en este sitio web implica la total aceptaci\u00f3n de las siguientes disposiciones y condiciones de utilizaci\u00f3n. Se aceptar\u00e1 la utilizaci\u00f3n de cookies. En caso de no estar de acuerdo env\u00eda&nbsp;un correo electr\u00f3nico a&nbsp;hola@cristianrojas.es<\/p><p>La versi\u00f3n actualizada de esta pol\u00edtica de privacidad es la \u00fanica aplicable durante la duraci\u00f3n del uso del sitio web hasta que no haya otra versi\u00f3n que la sustituya.<\/p><p>El Usuario que facilite datos personales a trav\u00e9s de esta p\u00e1gina web queda informado de su incorporaci\u00f3n a los ficheros de&nbsp;www.cristianrojas.es,&nbsp;que se encontrar\u00e1n convenientemente inscritos en el registro de la Agencia de Protecci\u00f3n de datos, o bien, de estar obligado, en el&nbsp;registro de los tratamientos realizados a&nbsp;esos datos.<\/p><p>Para una m\u00e1s informaci\u00f3n complementaria sobre la protecci\u00f3n de datos personales te invitamos a consultar la p\u00e1gina web de la AEPD (Agencia Espa\u00f1ola de Protecci\u00f3n de Datos)&nbsp;https:\/\/www.agpd.es\/portalwebAGPD\/index-ides-idphp.php<\/p><h4 class=\"wp-block-heading\">Recogida de datos<\/h4><p>Tus datos son recogidos por  Cristian Rojas.<br>Un dato de car\u00e1cter personal se refiere a toda la informaci\u00f3n referida a una persona f\u00edsica identificada o identificable (persona afectada). Se entiende como identificable una persona que pueda ser identificada, directa o indirectamente, sobre todo por referencia a un nombre, un n\u00famero de identificaci\u00f3n (DNI, NIF, NIE, pasaporte) o a uno o varios elementos espec\u00edficos, propios a su identidad f\u00edsica, fisiol\u00f3gica, gen\u00e9tica, ps\u00edquica, econ\u00f3mica, cultural o social.<\/p><p>Los datos que con car\u00e1cter general ser\u00e1n recopilados son: Nombre y apellidos, direcci\u00f3n, correo electr\u00f3nico, n\u00famero de tel\u00e9fono, fecha de nacimiento, datos relacionados con medios de pago. Se podr\u00e1n recopilar otro tipo de datos siendo informado el Usuario.<\/p><h4 class=\"wp-block-heading\">\u00bfCon qu\u00e9 finalidad se tratan&nbsp;tus datos personales?<\/h4><p>La finalidad del tratamiento de los datos personales que se puedan recoger son usarlos principalmente por  Cristian Rojas para la gesti\u00f3n de su relaci\u00f3n contigo,&nbsp;poder ofrecerte productos y servicios de acuerdo con tus intereses, mejorar tu experiencia de usuario y en su caso, para el tratamiento de sus solicitudes, peticiones o pedidos. Se elaborar\u00e1 un perfil comercial en base a la informaci\u00f3n que le&nbsp;facilites. No se realizar\u00e1n decisiones automatizadas en base a dicho perfil.<\/p><p>Los datos proporcionados se conservar\u00e1n mientras se mantenga la relaci\u00f3n comercial, siempre que no se&nbsp;solicite por el interesado su supresi\u00f3n, o durante los a\u00f1os necesarios para cumplir las obligaciones legales.<\/p><p>Se registrar\u00e1n en el fichero de cliente y su tratamiento quedar\u00e1 registrado en el registro de tratamientos que debe llevar Cristian Rojas (antes del 25 de mayo de 2018 tambi\u00e9n podr\u00eda estar incluido en el fichero elaborado con los datos personales registrado en la AEPD (Agencia Espa\u00f1ola de Protecci\u00f3n de datos) u \u00f3rgano competente de las respectiva Comunidad Aut\u00f3noma). El nombre del fichero es el siguiente:&nbsp;datos-clientes-cristianrojas.pdf<\/p><h4 class=\"wp-block-heading\">\u00bfCu\u00e1l es la legitimaci\u00f3n para el tratamiento de tus datos?<\/h4><p>La base legal para el tratamiento de tus&nbsp;datos personales es:<\/p><p>\u2013 La correcta ejecuci\u00f3n o cumplimiento del contrato<br>\u2013 El inter\u00e9s leg\u00edtimo de Cristian Rojas<br>\u2013 El consentimiento del usuario o cliente para el tratamiento de sus datos<br>\u2013 El cumplimiento de una obligaci\u00f3n legal:&nbsp;LOPD, la Ley de Protecci\u00f3n de Datos,<\/p><h4 class=\"wp-block-heading\">\u00bfA qu\u00e9 destinatarios se comunicar\u00e1n los datos?<\/h4><p>Los datos personales del Usuario podr\u00e1n eventualmente ser comunicados a terceros relacionados con Cristian Rojas por contrato para la realizaci\u00f3n de las tareas necesarias para la gesti\u00f3n de su cuenta como cliente y sin que tenga que dar su autorizaci\u00f3n.<\/p><p>Tambi\u00e9n cuando tuvieran que hacerse comunicaciones a las autoridades en caso de que el Usuario hubiera realizado acciones contrarias a la Ley o incumplido el contenido del aviso legal.<\/p><p>Los datos del Usuario podr\u00e1n comunicarse a otras empresas del grupo, si las hubiese, para fines administrativos internos que podr\u00edan suponer un tratamiento de esos datos.<\/p><p>Los datos personales del Usuario podr\u00e1n transferirse a un tercer pa\u00eds o a una organizaci\u00f3n internacional, pero&nbsp;se le deber\u00e1 informar cuando se vaya a producir esa transferencia, y de las condiciones de la misma y del destinatario.<\/p><p>Cuando algunos datos sean obligatorios para acceder a funcionalidades concretas del sitio web, Cristian Rojas indicar\u00e1 dicho car\u00e1cter obligatorio en el momento de la recogida de datos del Usuario.<\/p><h4 class=\"wp-block-heading\">Cookies<\/h4><p>Al navegar por este sitio, las cookies&nbsp;de Cristian Rojas&nbsp;del sitio en cuesti\u00f3n y \/ o de las compa\u00f1\u00edas de terceros,&nbsp; pueden depositarse en su ordenador, tablet o tel\u00e9fono m\u00f3vil. Durante la primera navegaci\u00f3n, aparecer\u00e1 un banner&nbsp;explicativo sobre el uso de cookies. Por lo tanto, al continuar la navegaci\u00f3n, el Usuario ser\u00e1&nbsp;considerado&nbsp;como informado&nbsp;y habr\u00e1&nbsp;aceptado el uso de dichas \u00abcookies\u00bb. El consentimiento otorgado ser\u00e1 v\u00e1lido por un per\u00edodo de trece meses.<\/p><p>Para una mayor informaci\u00f3n consulte nuestra pol\u00edtica de cookies.<\/p><h4 class=\"wp-block-heading\">Derechos del usuario<\/h4><p>Se informa al usuario de la posibilidad de ejercer sus derechos de acceso, rectificaci\u00f3n, cancelaci\u00f3n y oposici\u00f3n. Tambi\u00e9n cada persona dispone del derecho de limitaci\u00f3n del tratamiento relativo a su persona, de un derecho de eliminaci\u00f3n de transferencia de datos personales transmitidos al responsable del tratamiento y del derecho a la portabilidad de sus datos.<\/p><p>El usuario tiene la posibilidad de presentar una reclamaci\u00f3n ante la AEPD (Agencia Espa\u00f1ola de Protecci\u00f3n de Datos) u organismo competente de la respectiva Comunidad Aut\u00f3noma, cuando no haya obtenido una soluci\u00f3n satisfactoria en el ejercicio de sus derechos mediante un escrito dirigido a la misma.<\/p><p>Salvo que el Usuario se oponga, enviando un email&nbsp;a la direcci\u00f3n de correo electr\u00f3nico hola@cristianrojas.es, sus datos podr\u00e1n ser utilizados, en su caso, si procede, para el&nbsp;env\u00edo&nbsp;de informaci\u00f3n comercial de&nbsp;Cristian Rojas.<\/p><p>Los datos proporcionados se conservar\u00e1n mientras se mantenga la relaci\u00f3n comercial o durante los a\u00f1os necesarios para cumplir las obligaciones legales.<\/p><p>El Usuario es responsable de que la&nbsp;informaci\u00f3n que proporcione a trav\u00e9s de esta p\u00e1gina web sea cierta, respondiendo de la exactitud&nbsp;de todos los datos que comunique y mantendr\u00e1 actualizada la misma para que reflejen una situaci\u00f3n real, siendo responsable de informaciones falsas o inexactas que proporcione y de los da\u00f1os, molestias y problemas que pudieran causar a&nbsp;Cristian Rojas o a terceros.<\/p><p>Esa informaci\u00f3n ser\u00e1 guardada y gestionada con la debida confidencialidad, aplicando las medidas de seguridad inform\u00e1tica&nbsp;necesarias para impedir el acceso o uso indebido de sus datos, su manipulaci\u00f3n, deterioro o p\u00e9rdida.<\/p><p>No obstante, el Usuario debe tener en cuenta que la seguridad de los sistemas inform\u00e1ticos nunca es absoluta. Cuando se facilitan datos personales por internet, dicha informaci\u00f3n pudiera ser recogida sin su consentimiento y tratada por terceros no autorizados.&nbsp;Cristian Rojas declina, cualquier tipo de responsabilidad&nbsp;sobre las consecuencias de esos&nbsp;actos puedan tener para el Usuario, si public\u00f3 la informaci\u00f3n voluntariamente.<\/p><p>Podr\u00e1 acceder y ejercitar esos derechos mediante solicitud por escrito&nbsp;y firmada que podr\u00e1 ser enviada al domicilio&nbsp;C\/Carretera,38,2\u00baB, La Nucia, Alicante, Espa\u00f1a., adjuntando fotocopia del DNI o documento equivalente.<\/p><p>Tambi\u00e9n podr\u00e1 ser enviada&nbsp;la solicitud al siguiente correo electr\u00f3nico:&nbsp;hola@cristianrojas.es<\/p><p>Para tu informaci\u00f3n te indicamos que el Delegado de protecci\u00f3n de datos es Cristian Rojas M\u00e1rquez.<br>Estos derechos ser\u00e1n atendidos, en el plazo de 1 mes, que podr\u00e1 ampliarse a 2 meses si la complejidad de la solicitud o el n\u00famero de solicitudes recibidas as\u00ed lo exige. Todo ello&nbsp;sin perjuicio del deber de conservar ciertos datos en los t\u00e9rminos legales y hasta que prescriban las posibles&nbsp;responsabilidades derivadas de un posible tratamiento, o, en su caso, de una relaci\u00f3n contractual.<\/p><p>Adem\u00e1s de lo anterior, y en relaci\u00f3n con&nbsp;la normativa de protecci\u00f3n de datos, los usuarios que lo soliciten, tienen la posibilidad de organizar el destino de sus datos despu\u00e9s de su fallecimiento.,<\/p>","protected":false},"excerpt":{"rendered":"<p>Pol\u00edtica de privacidad Cristian Rojas www.cristianrojas.es para proteger los derechos individuales, sobre todo en relaci\u00f3n con los tratamientos automatizados y con voluntad de ser transparentes con el Usuario, ha establecido una pol\u00edtica que recoge el conjunto de dichos tratamientos, los fines perseguidos por estos \u00faltimos, la legitimidad de los mismos y tambi\u00e9n los instrumentos a [&hellip;]<\/p>\n","protected":false},"author":1,"featured_media":0,"parent":0,"menu_order":0,"comment_status":"closed","ping_status":"closed","template":"","meta":{"footnotes":""},"class_list":["post-2585","page","type-page","status-publish","hentry"],"yoast_head":"<!-- This site is optimized with the Yoast SEO plugin v27.4 - https:\/\/yoast.com\/product\/yoast-seo-wordpress\/ -->\n<title>Pol\u00edtica de privacidad - Cristian Rojas<\/title>\n<meta name=\"robots\" content=\"index, follow, max-snippet:-1, max-image-preview:large, max-video-preview:-1\" \/>\n<link rel=\"canonical\" href=\"https:\/\/cristianrojas.es\/en\/politica-de-privacidad\/\" \/>\n<meta property=\"og:locale\" content=\"en_GB\" \/>\n<meta property=\"og:type\" content=\"article\" \/>\n<meta property=\"og:title\" content=\"Pol\u00edtica de privacidad - Cristian Rojas\" \/>\n<meta property=\"og:description\" content=\"Pol\u00edtica de privacidad Cristian Rojas www.cristianrojas.es para proteger los derechos individuales, sobre todo en relaci\u00f3n con los tratamientos automatizados y con voluntad de ser transparentes con el Usuario, ha establecido una pol\u00edtica que recoge el conjunto de dichos tratamientos, los fines perseguidos por estos \u00faltimos, la legitimidad de los mismos y tambi\u00e9n los instrumentos a [&hellip;]\" \/>\n<meta property=\"og:url\" content=\"https:\/\/cristianrojas.es\/en\/politica-de-privacidad\/\" \/>\n<meta property=\"og:site_name\" content=\"Cristian Rojas\" \/>\n<meta property=\"article:publisher\" content=\"https:\/\/www.facebook.com\/SoyCristianRojas\" \/>\n<meta property=\"article:modified_time\" content=\"2022-07-19T11:58:58+00:00\" \/>\n<meta name=\"twitter:card\" content=\"summary_large_image\" \/>\n<meta name=\"twitter:label1\" content=\"Estimated reading time\" \/>\n\t<meta name=\"twitter:data1\" content=\"7 minutes\" \/>\n<script type=\"application\/ld+json\" class=\"yoast-schema-graph\">{\"@context\":\"https:\\\/\\\/schema.org\",\"@graph\":[{\"@type\":\"WebPage\",\"@id\":\"https:\\\/\\\/cristianrojas.es\\\/politica-de-privacidad\\\/\",\"url\":\"https:\\\/\\\/cristianrojas.es\\\/politica-de-privacidad\\\/\",\"name\":\"Pol\u00edtica de privacidad - Cristian Rojas\",\"isPartOf\":{\"@id\":\"https:\\\/\\\/cristianrojas.es\\\/es_es\\\/#website\"},\"datePublished\":\"2022-07-19T11:46:57+00:00\",\"dateModified\":\"2022-07-19T11:58:58+00:00\",\"breadcrumb\":{\"@id\":\"https:\\\/\\\/cristianrojas.es\\\/politica-de-privacidad\\\/#breadcrumb\"},\"inLanguage\":\"en-GB\",\"potentialAction\":[{\"@type\":\"ReadAction\",\"target\":[\"https:\\\/\\\/cristianrojas.es\\\/politica-de-privacidad\\\/\"]}]},{\"@type\":\"BreadcrumbList\",\"@id\":\"https:\\\/\\\/cristianrojas.es\\\/politica-de-privacidad\\\/#breadcrumb\",\"itemListElement\":[{\"@type\":\"ListItem\",\"position\":1,\"name\":\"Portada\",\"item\":\"https:\\\/\\\/cristianrojas.es\\\/es_es\\\/\"},{\"@type\":\"ListItem\",\"position\":2,\"name\":\"Pol\u00edtica de privacidad\"}]},{\"@type\":\"WebSite\",\"@id\":\"https:\\\/\\\/cristianrojas.es\\\/es_es\\\/#website\",\"url\":\"https:\\\/\\\/cristianrojas.es\\\/es_es\\\/\",\"name\":\"Cristian Rojas\",\"description\":\"Fotograf\u00eda y v\u00eddeo para empresas en Alicante\",\"publisher\":{\"@id\":\"https:\\\/\\\/cristianrojas.es\\\/es_es\\\/#\\\/schema\\\/person\\\/262fcf1552c81e030ce23b338e8a9708\"},\"potentialAction\":[{\"@type\":\"SearchAction\",\"target\":{\"@type\":\"EntryPoint\",\"urlTemplate\":\"https:\\\/\\\/cristianrojas.es\\\/es_es\\\/?s={search_term_string}\"},\"query-input\":{\"@type\":\"PropertyValueSpecification\",\"valueRequired\":true,\"valueName\":\"search_term_string\"}}],\"inLanguage\":\"en-GB\"},{\"@type\":[\"Person\",\"Organization\"],\"@id\":\"https:\\\/\\\/cristianrojas.es\\\/es_es\\\/#\\\/schema\\\/person\\\/262fcf1552c81e030ce23b338e8a9708\",\"name\":\"Cristian Rojas M\u00e1rquez\",\"image\":{\"@type\":\"ImageObject\",\"inLanguage\":\"en-GB\",\"@id\":\"http:\\\/\\\/cristianrojas.es\\\/wp-content\\\/uploads\\\/2023\\\/04\\\/596A1482-scaled.jpg\",\"url\":\"http:\\\/\\\/cristianrojas.es\\\/wp-content\\\/uploads\\\/2023\\\/04\\\/596A1482-scaled.jpg\",\"contentUrl\":\"http:\\\/\\\/cristianrojas.es\\\/wp-content\\\/uploads\\\/2023\\\/04\\\/596A1482-scaled.jpg\",\"width\":2560,\"height\":1707,\"caption\":\"Cristian Rojas M\u00e1rquez\"},\"logo\":{\"@id\":\"http:\\\/\\\/cristianrojas.es\\\/wp-content\\\/uploads\\\/2023\\\/04\\\/596A1482-scaled.jpg\"},\"sameAs\":[\"http:\\\/\\\/cristianrojas.es\",\"https:\\\/\\\/www.facebook.com\\\/SoyCristianRojas\",\"https:\\\/\\\/www.instagram.com\\\/cristianrojas.es\\\/\",\"https:\\\/\\\/www.linkedin.com\\\/company\\\/88897921\\\/admin\\\/\",\"https:\\\/\\\/www.youtube.com\\\/channel\\\/UCS2J3Nb4nvqBTXy1kVJbuDQ\"]}]}<\/script>\n<!-- \/ Yoast SEO plugin. -->","yoast_head_json":{"title":"Pol\u00edtica de privacidad - Cristian Rojas","robots":{"index":"index","follow":"follow","max-snippet":"max-snippet:-1","max-image-preview":"max-image-preview:large","max-video-preview":"max-video-preview:-1"},"canonical":"https:\/\/cristianrojas.es\/en\/politica-de-privacidad\/","og_locale":"en_GB","og_type":"article","og_title":"Pol\u00edtica de privacidad - Cristian Rojas","og_description":"Pol\u00edtica de privacidad Cristian Rojas www.cristianrojas.es para proteger los derechos individuales, sobre todo en relaci\u00f3n con los tratamientos automatizados y con voluntad de ser transparentes con el Usuario, ha establecido una pol\u00edtica que recoge el conjunto de dichos tratamientos, los fines perseguidos por estos \u00faltimos, la legitimidad de los mismos y tambi\u00e9n los instrumentos a [&hellip;]","og_url":"https:\/\/cristianrojas.es\/en\/politica-de-privacidad\/","og_site_name":"Cristian Rojas","article_publisher":"https:\/\/www.facebook.com\/SoyCristianRojas","article_modified_time":"2022-07-19T11:58:58+00:00","twitter_card":"summary_large_image","twitter_misc":{"Estimated reading time":"7 minutes"},"schema":{"@context":"https:\/\/schema.org","@graph":[{"@type":"WebPage","@id":"https:\/\/cristianrojas.es\/politica-de-privacidad\/","url":"https:\/\/cristianrojas.es\/politica-de-privacidad\/","name":"Pol\u00edtica de privacidad - Cristian Rojas","isPartOf":{"@id":"https:\/\/cristianrojas.es\/es_es\/#website"},"datePublished":"2022-07-19T11:46:57+00:00","dateModified":"2022-07-19T11:58:58+00:00","breadcrumb":{"@id":"https:\/\/cristianrojas.es\/politica-de-privacidad\/#breadcrumb"},"inLanguage":"en-GB","potentialAction":[{"@type":"ReadAction","target":["https:\/\/cristianrojas.es\/politica-de-privacidad\/"]}]},{"@type":"BreadcrumbList","@id":"https:\/\/cristianrojas.es\/politica-de-privacidad\/#breadcrumb","itemListElement":[{"@type":"ListItem","position":1,"name":"Portada","item":"https:\/\/cristianrojas.es\/es_es\/"},{"@type":"ListItem","position":2,"name":"Pol\u00edtica de privacidad"}]},{"@type":"WebSite","@id":"https:\/\/cristianrojas.es\/es_es\/#website","url":"https:\/\/cristianrojas.es\/es_es\/","name":"Cristian Rojas","description":"Fotograf\u00eda y v\u00eddeo para empresas en Alicante","publisher":{"@id":"https:\/\/cristianrojas.es\/es_es\/#\/schema\/person\/262fcf1552c81e030ce23b338e8a9708"},"potentialAction":[{"@type":"SearchAction","target":{"@type":"EntryPoint","urlTemplate":"https:\/\/cristianrojas.es\/es_es\/?s={search_term_string}"},"query-input":{"@type":"PropertyValueSpecification","valueRequired":true,"valueName":"search_term_string"}}],"inLanguage":"en-GB"},{"@type":["Person","Organization"],"@id":"https:\/\/cristianrojas.es\/es_es\/#\/schema\/person\/262fcf1552c81e030ce23b338e8a9708","name":"Cristian Rojas M\u00e1rquez","image":{"@type":"ImageObject","inLanguage":"en-GB","@id":"http:\/\/cristianrojas.es\/wp-content\/uploads\/2023\/04\/596A1482-scaled.jpg","url":"http:\/\/cristianrojas.es\/wp-content\/uploads\/2023\/04\/596A1482-scaled.jpg","contentUrl":"http:\/\/cristianrojas.es\/wp-content\/uploads\/2023\/04\/596A1482-scaled.jpg","width":2560,"height":1707,"caption":"Cristian Rojas M\u00e1rquez"},"logo":{"@id":"http:\/\/cristianrojas.es\/wp-content\/uploads\/2023\/04\/596A1482-scaled.jpg"},"sameAs":["http:\/\/cristianrojas.es","https:\/\/www.facebook.com\/SoyCristianRojas","https:\/\/www.instagram.com\/cristianrojas.es\/","https:\/\/www.linkedin.com\/company\/88897921\/admin\/","https:\/\/www.youtube.com\/channel\/UCS2J3Nb4nvqBTXy1kVJbuDQ"]}]}},"_links":{"self":[{"href":"https:\/\/cristianrojas.es\/en\/wp-json\/wp\/v2\/pages\/2585","targetHints":{"allow":["GET"]}}],"collection":[{"href":"https:\/\/cristianrojas.es\/en\/wp-json\/wp\/v2\/pages"}],"about":[{"href":"https:\/\/cristianrojas.es\/en\/wp-json\/wp\/v2\/types\/page"}],"author":[{"embeddable":true,"href":"https:\/\/cristianrojas.es\/en\/wp-json\/wp\/v2\/users\/1"}],"replies":[{"embeddable":true,"href":"https:\/\/cristianrojas.es\/en\/wp-json\/wp\/v2\/comments?post=2585"}],"version-history":[{"count":2,"href":"https:\/\/cristianrojas.es\/en\/wp-json\/wp\/v2\/pages\/2585\/revisions"}],"predecessor-version":[{"id":2588,"href":"https:\/\/cristianrojas.es\/en\/wp-json\/wp\/v2\/pages\/2585\/revisions\/2588"}],"wp:attachment":[{"href":"https:\/\/cristianrojas.es\/en\/wp-json\/wp\/v2\/media?parent=2585"}],"curies":[{"name":"wp","href":"https:\/\/api.w.org\/{rel}","templated":true}]}}