{"id":2602,"date":"2022-07-19T12:25:39","date_gmt":"2022-07-19T12:25:39","guid":{"rendered":"http:\/\/cristianrojas.es\/contact\/"},"modified":"2023-03-09T11:56:43","modified_gmt":"2023-03-09T11:56:43","slug":"contacto-cristian-rojas","status":"publish","type":"page","link":"https:\/\/cristianrojas.es\/en\/contacto-cristian-rojas\/","title":{"rendered":"Contacto"},"content":{"rendered":"\t\t<div data-elementor-type=\"wp-page\" data-elementor-id=\"2602\" class=\"elementor elementor-2602\">\n\t\t\t\t\t\t<section class=\"elementor-section elementor-top-section elementor-element elementor-element-677ada96 elementor-section-full_width elementor-section-height-min-height elementor-section-items-stretch elementor-section-content-top elementor-section-height-default\" data-id=\"677ada96\" data-element_type=\"section\" data-settings=\"{&quot;background_background&quot;:&quot;classic&quot;}\">\n\t\t\t\t\t\t<div class=\"elementor-container elementor-column-gap-no\">\n\t\t\t\t\t<div class=\"elementor-column elementor-col-100 elementor-top-column elementor-element elementor-element-7d8054a2\" data-id=\"7d8054a2\" data-element_type=\"column\">\n\t\t\t<div class=\"elementor-widget-wrap elementor-element-populated\">\n\t\t\t\t\t\t<div class=\"elementor-element elementor-element-46d127f elementor-widget__width-initial elementor-absolute elementor-widget-tablet__width-initial elementor-widget-mobile__width-inherit elementor-widget elementor-widget-spacer\" data-id=\"46d127f\" data-element_type=\"widget\" data-settings=\"{&quot;_position&quot;:&quot;absolute&quot;}\" data-widget_type=\"spacer.default\">\n\t\t\t\t<div class=\"elementor-widget-container\">\n\t\t\t\t\t\t\t<div class=\"elementor-spacer\">\n\t\t\t<div class=\"elementor-spacer-inner\"><\/div>\n\t\t<\/div>\n\t\t\t\t\t\t<\/div>\n\t\t\t\t<\/div>\n\t\t\t\t<section class=\"elementor-section elementor-inner-section elementor-element elementor-element-49743cf8 elementor-section-boxed elementor-section-height-default elementor-section-height-default\" data-id=\"49743cf8\" data-element_type=\"section\">\n\t\t\t\t\t\t<div class=\"elementor-container elementor-column-gap-no\">\n\t\t\t\t\t<div class=\"elementor-column elementor-col-100 elementor-inner-column elementor-element elementor-element-4eb51ce7\" data-id=\"4eb51ce7\" data-element_type=\"column\">\n\t\t\t<div class=\"elementor-widget-wrap elementor-element-populated\">\n\t\t\t\t\t\t<div class=\"elementor-element elementor-element-15f0ca55 elementor-invisible elementor-widget elementor-widget-heading\" data-id=\"15f0ca55\" data-element_type=\"widget\" data-settings=\"{&quot;_animation&quot;:&quot;fadeIn&quot;}\" data-widget_type=\"heading.default\">\n\t\t\t\t<div class=\"elementor-widget-container\">\n\t\t\t\t\t<h1 class=\"elementor-heading-title elementor-size-default\">TENGO UN PLAN<\/h1>\t\t\t\t<\/div>\n\t\t\t\t<\/div>\n\t\t\t\t\t<\/div>\n\t\t<\/div>\n\t\t\t\t\t<\/div>\n\t\t<\/section>\n\t\t\t\t<div class=\"elementor-element elementor-element-3794e3ff elementor-widget elementor-widget-text-editor\" data-id=\"3794e3ff\" data-element_type=\"widget\" data-widget_type=\"text-editor.default\">\n\t\t\t\t<div class=\"elementor-widget-container\">\n\t\t\t\t\t\t\t\t\t<p>Principalmente trabajo en las provincias de Alicante y Ciudad Real. Pero voy hasta el infinito y m\u00e1s all\u00e1. Solo ll\u00e1mame. Yo pongo el mapa.<\/p>\t\t\t\t\t\t\t\t<\/div>\n\t\t\t\t<\/div>\n\t\t\t\t<div class=\"elementor-element elementor-element-85bfa1b elementor-widget-divider--view-line elementor-widget elementor-widget-divider\" data-id=\"85bfa1b\" data-element_type=\"widget\" data-widget_type=\"divider.default\">\n\t\t\t\t<div class=\"elementor-widget-container\">\n\t\t\t\t\t\t\t<div class=\"elementor-divider\">\n\t\t\t<span class=\"elementor-divider-separator\">\n\t\t\t\t\t\t<\/span>\n\t\t<\/div>\n\t\t\t\t\t\t<\/div>\n\t\t\t\t<\/div>\n\t\t\t\t<div class=\"elementor-element elementor-element-7c2663f6 elementor-align-center elementor-icon-list--layout-traditional elementor-list-item-link-full_width elementor-widget elementor-widget-icon-list\" data-id=\"7c2663f6\" data-element_type=\"widget\" data-widget_type=\"icon-list.default\">\n\t\t\t\t<div class=\"elementor-widget-container\">\n\t\t\t\t\t\t\t<ul class=\"elementor-icon-list-items\">\n\t\t\t\t\t\t\t<li class=\"elementor-icon-list-item\">\n\t\t\t\t\t\t\t\t\t\t<span class=\"elementor-icon-list-text\">LAB La Nucia - Carrer Guadalest s\/n<\/span>\n\t\t\t\t\t\t\t\t\t<\/li>\n\t\t\t\t\t\t\t\t<li class=\"elementor-icon-list-item\">\n\t\t\t\t\t\t\t\t\t\t<span class=\"elementor-icon-list-text\">Tel\u00e9fono: 657029884<\/span>\n\t\t\t\t\t\t\t\t\t<\/li>\n\t\t\t\t\t\t\t\t<li class=\"elementor-icon-list-item\">\n\t\t\t\t\t\t\t\t\t\t<span class=\"elementor-icon-list-text\">EMAIL: hola@cristianrojas.es<\/span>\n\t\t\t\t\t\t\t\t\t<\/li>\n\t\t\t\t\t\t<\/ul>\n\t\t\t\t\t\t<\/div>\n\t\t\t\t<\/div>\n\t\t\t\t\t<\/div>\n\t\t<\/div>\n\t\t\t\t\t<\/div>\n\t\t<\/section>\n\t\t\t\t<section class=\"elementor-section elementor-top-section elementor-element elementor-element-226f0ec6 elementor-section-full_width elementor-section-height-default elementor-section-height-default\" data-id=\"226f0ec6\" data-element_type=\"section\" data-settings=\"{&quot;animation&quot;:&quot;none&quot;}\">\n\t\t\t\t\t\t<div class=\"elementor-container elementor-column-gap-no\">\n\t\t\t\t\t<div class=\"elementor-column elementor-col-100 elementor-top-column elementor-element elementor-element-d87ea2a\" data-id=\"d87ea2a\" data-element_type=\"column\">\n\t\t\t<div class=\"elementor-widget-wrap elementor-element-populated\">\n\t\t\t\t\t\t<div class=\"elementor-element elementor-element-36ef628a gallery-spacing-custom elementor-widget elementor-widget-image-gallery\" data-id=\"36ef628a\" data-element_type=\"widget\" data-widget_type=\"image-gallery.default\">\n\t\t\t\t<div class=\"elementor-widget-container\">\n\t\t\t\t\t\t\t<div class=\"elementor-image-gallery\">\n\t\t\t<div id='gallery-1' class='gallery galleryid-2602 gallery-columns-3 gallery-size-full'><figure class='gallery-item'>\n\t\t\t<div class='gallery-icon landscape'>\n\t\t\t\t<a data-elementor-open-lightbox=\"yes\" data-elementor-lightbox-slideshow=\"36ef628a\" data-elementor-lightbox-title=\"Fotograf\u00eda para empresas\" data-elementor-lightbox-description=\"Fotograf\u00eda y v\u00eddeo para empresas\" data-e-action-hash=\"#elementor-action%3Aaction%3Dlightbox%26settings%3DeyJpZCI6MjgxOSwidXJsIjoiaHR0cHM6XC9cL2NyaXN0aWFucm9qYXMuZXNcL3dwLWNvbnRlbnRcL3VwbG9hZHNcLzIwMjJcLzA3XC9JTUdfNjA3OC1zY2FsZWQuanBnIiwic2xpZGVzaG93IjoiMzZlZjYyOGEifQ%3D%3D\" href='https:\/\/cristianrojas.es\/wp-content\/uploads\/2022\/07\/IMG_6078-scaled.jpg'><img fetchpriority=\"high\" decoding=\"async\" width=\"2560\" height=\"1707\" src=\"https:\/\/cristianrojas.es\/wp-content\/uploads\/2022\/07\/IMG_6078-scaled.jpg\" class=\"attachment-full size-full\" alt=\"Fotograf\u00eda y v\u00eddeo para empresas\" srcset=\"https:\/\/cristianrojas.es\/wp-content\/uploads\/2022\/07\/IMG_6078-scaled.jpg 2560w, https:\/\/cristianrojas.es\/wp-content\/uploads\/2022\/07\/IMG_6078-scaled-600x400.jpg 600w, https:\/\/cristianrojas.es\/wp-content\/uploads\/2022\/07\/IMG_6078-300x200.jpg 300w, https:\/\/cristianrojas.es\/wp-content\/uploads\/2022\/07\/IMG_6078-1024x683.jpg 1024w, https:\/\/cristianrojas.es\/wp-content\/uploads\/2022\/07\/IMG_6078-768x512.jpg 768w, https:\/\/cristianrojas.es\/wp-content\/uploads\/2022\/07\/IMG_6078-1536x1024.jpg 1536w, https:\/\/cristianrojas.es\/wp-content\/uploads\/2022\/07\/IMG_6078-2048x1365.jpg 2048w, https:\/\/cristianrojas.es\/wp-content\/uploads\/2022\/07\/IMG_6078-18x12.jpg 18w\" sizes=\"(max-width: 2560px) 100vw, 2560px\" \/><\/a>\n\t\t\t<\/div><\/figure><figure class='gallery-item'>\n\t\t\t<div class='gallery-icon landscape'>\n\t\t\t\t<a data-elementor-open-lightbox=\"yes\" data-elementor-lightbox-slideshow=\"36ef628a\" data-elementor-lightbox-title=\"IMG_6070\" data-elementor-lightbox-description=\"Foto y video para empresas\" data-e-action-hash=\"#elementor-action%3Aaction%3Dlightbox%26settings%3DeyJpZCI6MjgyMCwidXJsIjoiaHR0cHM6XC9cL2NyaXN0aWFucm9qYXMuZXNcL3dwLWNvbnRlbnRcL3VwbG9hZHNcLzIwMjJcLzA3XC9JTUdfNjA3MC0xLmpwZyIsInNsaWRlc2hvdyI6IjM2ZWY2MjhhIn0%3D\" href='https:\/\/cristianrojas.es\/wp-content\/uploads\/2022\/07\/IMG_6070-1.jpg'><img decoding=\"async\" width=\"2520\" height=\"1680\" src=\"https:\/\/cristianrojas.es\/wp-content\/uploads\/2022\/07\/IMG_6070-1.jpg\" class=\"attachment-full size-full\" alt=\"Fot\u00f3grafo para empresas\" aria-describedby=\"gallery-1-2820\" srcset=\"https:\/\/cristianrojas.es\/wp-content\/uploads\/2022\/07\/IMG_6070-1.jpg 2520w, https:\/\/cristianrojas.es\/wp-content\/uploads\/2022\/07\/IMG_6070-1-600x400.jpg 600w, https:\/\/cristianrojas.es\/wp-content\/uploads\/2022\/07\/IMG_6070-1-300x200.jpg 300w, https:\/\/cristianrojas.es\/wp-content\/uploads\/2022\/07\/IMG_6070-1-1024x683.jpg 1024w, https:\/\/cristianrojas.es\/wp-content\/uploads\/2022\/07\/IMG_6070-1-768x512.jpg 768w, https:\/\/cristianrojas.es\/wp-content\/uploads\/2022\/07\/IMG_6070-1-1536x1024.jpg 1536w, https:\/\/cristianrojas.es\/wp-content\/uploads\/2022\/07\/IMG_6070-1-2048x1365.jpg 2048w, https:\/\/cristianrojas.es\/wp-content\/uploads\/2022\/07\/IMG_6070-1-18x12.jpg 18w\" sizes=\"(max-width: 2520px) 100vw, 2520px\" \/><\/a>\n\t\t\t<\/div>\n\t\t\t\t<figcaption class='wp-caption-text gallery-caption' id='gallery-1-2820'>\n\t\t\t\tFotograf\u00eda y v\u00eddeo para empresas\n\t\t\t\t<\/figcaption><\/figure><figure class='gallery-item'>\n\t\t\t<div class='gallery-icon landscape'>\n\t\t\t\t<a data-elementor-open-lightbox=\"yes\" data-elementor-lightbox-slideshow=\"36ef628a\" data-elementor-lightbox-title=\"IMG_6067\" data-elementor-lightbox-description=\"Fotograf\u00eda y v\u00eddeo para empresas\" data-e-action-hash=\"#elementor-action%3Aaction%3Dlightbox%26settings%3DeyJpZCI6MjgzMCwidXJsIjoiaHR0cHM6XC9cL2NyaXN0aWFucm9qYXMuZXNcL3dwLWNvbnRlbnRcL3VwbG9hZHNcLzIwMjJcLzA3XC9JTUdfNjA2Ny5qcGciLCJzbGlkZXNob3ciOiIzNmVmNjI4YSJ9\" href='https:\/\/cristianrojas.es\/wp-content\/uploads\/2022\/07\/IMG_6067.jpg'><img decoding=\"async\" width=\"2503\" height=\"1669\" src=\"https:\/\/cristianrojas.es\/wp-content\/uploads\/2022\/07\/IMG_6067.jpg\" class=\"attachment-full size-full\" alt=\"Fotograf\u00eda y v\u00eddeo para empresas\" aria-describedby=\"gallery-1-2830\" srcset=\"https:\/\/cristianrojas.es\/wp-content\/uploads\/2022\/07\/IMG_6067.jpg 2503w, https:\/\/cristianrojas.es\/wp-content\/uploads\/2022\/07\/IMG_6067-600x400.jpg 600w, https:\/\/cristianrojas.es\/wp-content\/uploads\/2022\/07\/IMG_6067-300x200.jpg 300w, https:\/\/cristianrojas.es\/wp-content\/uploads\/2022\/07\/IMG_6067-1024x683.jpg 1024w, https:\/\/cristianrojas.es\/wp-content\/uploads\/2022\/07\/IMG_6067-768x512.jpg 768w, https:\/\/cristianrojas.es\/wp-content\/uploads\/2022\/07\/IMG_6067-1536x1024.jpg 1536w, https:\/\/cristianrojas.es\/wp-content\/uploads\/2022\/07\/IMG_6067-2048x1366.jpg 2048w, https:\/\/cristianrojas.es\/wp-content\/uploads\/2022\/07\/IMG_6067-18x12.jpg 18w\" sizes=\"(max-width: 2503px) 100vw, 2503px\" \/><\/a>\n\t\t\t<\/div>\n\t\t\t\t<figcaption class='wp-caption-text gallery-caption' id='gallery-1-2830'>\n\t\t\t\tFotograf\u00eda y v\u00eddeo para empresas\n\t\t\t\t<\/figcaption><\/figure>\n\t\t<\/div>\n\t\t<\/div>\n\t\t\t\t\t\t<\/div>\n\t\t\t\t<\/div>\n\t\t\t\t<div class=\"elementor-element elementor-element-291f316 elementor-widget elementor-widget-wpforms\" data-id=\"291f316\" data-element_type=\"widget\" data-widget_type=\"wpforms.default\">\n\t\t\t\t<div class=\"elementor-widget-container\">\n\t\t\t\t\t<div class=\"wpforms-container \" id=\"wpforms-2686\"><form id=\"wpforms-form-2686\" class=\"wpforms-validate wpforms-form wpforms-ajax-form\" data-formid=\"2686\" method=\"post\" enctype=\"multipart\/form-data\" action=\"\/en\/wp-json\/wp\/v2\/pages\/2602\" data-token=\"f472b8a8af3ae7a9895b2c021130a198\" data-token-time=\"1776104153\"><noscript class=\"wpforms-error-noscript\">Please enable JavaScript in your browser to complete this form.<\/noscript><div class=\"wpforms-field-container\"><div id=\"wpforms-2686-field_1-container\" class=\"wpforms-field wpforms-field-name\" data-field-id=\"1\"><label class=\"wpforms-field-label\">Nombre <span class=\"wpforms-required-label\">*<\/span><\/label><div class=\"wpforms-field-row wpforms-field-medium\"><div class=\"wpforms-field-row-block wpforms-first wpforms-one-half\"><input type=\"text\" id=\"wpforms-2686-field_1\" class=\"wpforms-field-name-first wpforms-field-required\" name=\"wpforms[fields][1][first]\" required><label for=\"wpforms-2686-field_1\" class=\"wpforms-field-sublabel after\">First<\/label><\/div><div class=\"wpforms-field-row-block wpforms-one-half\"><input type=\"text\" id=\"wpforms-2686-field_1-last\" class=\"wpforms-field-name-last wpforms-field-required\" name=\"wpforms[fields][1][last]\" required><label for=\"wpforms-2686-field_1-last\" class=\"wpforms-field-sublabel after\">Last<\/label><\/div><\/div><\/div><div id=\"wpforms-2686-field_2-container\" class=\"wpforms-field wpforms-field-email\" data-field-id=\"2\"><label class=\"wpforms-field-label\" for=\"wpforms-2686-field_2\">Correo electr\u00f3nico <span class=\"wpforms-required-label\">*<\/span><\/label><input type=\"email\" id=\"wpforms-2686-field_2\" class=\"wpforms-field-medium wpforms-field-required\" name=\"wpforms[fields][2]\" spellcheck=\"false\" required><\/div><div id=\"wpforms-2686-field_3-container\" class=\"wpforms-field wpforms-field-textarea\" data-field-id=\"3\"><label class=\"wpforms-field-label\" for=\"wpforms-2686-field_3\">Mensaje<\/label><textarea id=\"wpforms-2686-field_3\" class=\"wpforms-field-medium\" name=\"wpforms[fields][3]\" ><\/textarea><\/div><\/div><!-- .wpforms-field-container --><div class=\"wpforms-submit-container\" ><input type=\"hidden\" name=\"wpforms[id]\" value=\"2686\"><input type=\"hidden\" name=\"page_title\" value=\"\"><input type=\"hidden\" name=\"page_url\" value=\"https:\/\/cristianrojas.es\/en\/wp-json\/wp\/v2\/pages\/2602\"><input type=\"hidden\" name=\"url_referer\" value=\"\"><button type=\"submit\" name=\"wpforms[submit]\" id=\"wpforms-submit-2686\" class=\"wpforms-submit\" data-alt-text=\"Enviando...\" data-submit-text=\"Enviar\" aria-live=\"assertive\" value=\"wpforms-submit\">Enviar<\/button><img loading=\"lazy\" decoding=\"async\" src=\"https:\/\/cristianrojas.es\/wp-content\/plugins\/wpforms-lite\/assets\/images\/submit-spin.svg\" class=\"wpforms-submit-spinner\" style=\"display: none;\" width=\"26\" height=\"26\" alt=\"Loading\"><\/div><\/form><\/div>  <!-- .wpforms-container -->\t\t\t\t<\/div>\n\t\t\t\t<\/div>\n\t\t\t\t\t<\/div>\n\t\t<\/div>\n\t\t\t\t\t<\/div>\n\t\t<\/section>\n\t\t\t\t<\/div>\n\t\t","protected":false},"excerpt":{"rendered":"<p>TENGO UN PLAN Principalmente trabajo en las provincias de Alicante y Ciudad Real. Pero voy hasta el infinito y m\u00e1s all\u00e1. Solo ll\u00e1mame. Yo pongo el mapa. LAB La Nucia &#8211; Carrer Guadalest s\/n Tel\u00e9fono: 657029884 EMAIL: hola@cristianrojas.es Fotograf\u00eda y v\u00eddeo para empresas Fotograf\u00eda y v\u00eddeo para empresas<\/p>","protected":false},"author":1,"featured_media":0,"parent":0,"menu_order":0,"comment_status":"closed","ping_status":"closed","template":"","meta":{"footnotes":""},"class_list":["post-2602","page","type-page","status-publish","hentry"],"yoast_head":"<!-- This site is optimized with the Yoast SEO plugin v27.3 - https:\/\/yoast.com\/product\/yoast-seo-wordpress\/ -->\n<title>Contacto - Cristian Rojas<\/title>\n<meta name=\"robots\" content=\"index, follow, max-snippet:-1, max-image-preview:large, max-video-preview:-1\" \/>\n<link rel=\"canonical\" href=\"https:\/\/cristianrojas.es\/en\/contacto-cristian-rojas\/\" \/>\n<meta property=\"og:locale\" content=\"en_GB\" \/>\n<meta property=\"og:type\" content=\"article\" \/>\n<meta property=\"og:title\" content=\"Contacto - Cristian Rojas\" \/>\n<meta property=\"og:description\" content=\"TENGO UN PLAN Principalmente trabajo en las provincias de Alicante y Ciudad Real. Pero voy hasta el infinito y m\u00e1s all\u00e1. Solo ll\u00e1mame. Yo pongo el mapa. LAB La Nucia &#8211; Carrer Guadalest s\/n Tel\u00e9fono: 657029884 EMAIL: hola@cristianrojas.es Fotograf\u00eda y v\u00eddeo para empresas Fotograf\u00eda y v\u00eddeo para empresas\" \/>\n<meta property=\"og:url\" content=\"https:\/\/cristianrojas.es\/en\/contacto-cristian-rojas\/\" \/>\n<meta property=\"og:site_name\" content=\"Cristian Rojas\" \/>\n<meta property=\"article:publisher\" content=\"https:\/\/www.facebook.com\/SoyCristianRojas\" \/>\n<meta property=\"article:modified_time\" content=\"2023-03-09T11:56:43+00:00\" \/>\n<meta property=\"og:image\" content=\"http:\/\/cristianrojas.es\/wp-content\/uploads\/2022\/07\/IMG_6078-scaled.jpg\" \/>\n<meta name=\"twitter:card\" content=\"summary_large_image\" \/>\n<meta name=\"twitter:label1\" content=\"Estimated reading time\" \/>\n\t<meta name=\"twitter:data1\" content=\"2 minutes\" \/>\n<script type=\"application\/ld+json\" class=\"yoast-schema-graph\">{\"@context\":\"https:\\\/\\\/schema.org\",\"@graph\":[{\"@type\":\"WebPage\",\"@id\":\"https:\\\/\\\/cristianrojas.es\\\/contacto-cristian-rojas\\\/\",\"url\":\"https:\\\/\\\/cristianrojas.es\\\/contacto-cristian-rojas\\\/\",\"name\":\"Contacto - Cristian Rojas\",\"isPartOf\":{\"@id\":\"https:\\\/\\\/cristianrojas.es\\\/es_es\\\/#website\"},\"primaryImageOfPage\":{\"@id\":\"https:\\\/\\\/cristianrojas.es\\\/contacto-cristian-rojas\\\/#primaryimage\"},\"image\":{\"@id\":\"https:\\\/\\\/cristianrojas.es\\\/contacto-cristian-rojas\\\/#primaryimage\"},\"thumbnailUrl\":\"http:\\\/\\\/cristianrojas.es\\\/wp-content\\\/uploads\\\/2022\\\/07\\\/IMG_6078-scaled.jpg\",\"datePublished\":\"2022-07-19T12:25:39+00:00\",\"dateModified\":\"2023-03-09T11:56:43+00:00\",\"breadcrumb\":{\"@id\":\"https:\\\/\\\/cristianrojas.es\\\/contacto-cristian-rojas\\\/#breadcrumb\"},\"inLanguage\":\"en-GB\",\"potentialAction\":[{\"@type\":\"ReadAction\",\"target\":[\"https:\\\/\\\/cristianrojas.es\\\/contacto-cristian-rojas\\\/\"]}]},{\"@type\":\"ImageObject\",\"inLanguage\":\"en-GB\",\"@id\":\"https:\\\/\\\/cristianrojas.es\\\/contacto-cristian-rojas\\\/#primaryimage\",\"url\":\"http:\\\/\\\/cristianrojas.es\\\/wp-content\\\/uploads\\\/2022\\\/07\\\/IMG_6078-scaled.jpg\",\"contentUrl\":\"http:\\\/\\\/cristianrojas.es\\\/wp-content\\\/uploads\\\/2022\\\/07\\\/IMG_6078-scaled.jpg\"},{\"@type\":\"BreadcrumbList\",\"@id\":\"https:\\\/\\\/cristianrojas.es\\\/contacto-cristian-rojas\\\/#breadcrumb\",\"itemListElement\":[{\"@type\":\"ListItem\",\"position\":1,\"name\":\"Portada\",\"item\":\"https:\\\/\\\/cristianrojas.es\\\/es_es\\\/\"},{\"@type\":\"ListItem\",\"position\":2,\"name\":\"Contacto\"}]},{\"@type\":\"WebSite\",\"@id\":\"https:\\\/\\\/cristianrojas.es\\\/es_es\\\/#website\",\"url\":\"https:\\\/\\\/cristianrojas.es\\\/es_es\\\/\",\"name\":\"Cristian Rojas\",\"description\":\"Fotograf\u00eda y v\u00eddeo para empresas en Alicante\",\"publisher\":{\"@id\":\"https:\\\/\\\/cristianrojas.es\\\/es_es\\\/#\\\/schema\\\/person\\\/262fcf1552c81e030ce23b338e8a9708\"},\"potentialAction\":[{\"@type\":\"SearchAction\",\"target\":{\"@type\":\"EntryPoint\",\"urlTemplate\":\"https:\\\/\\\/cristianrojas.es\\\/es_es\\\/?s={search_term_string}\"},\"query-input\":{\"@type\":\"PropertyValueSpecification\",\"valueRequired\":true,\"valueName\":\"search_term_string\"}}],\"inLanguage\":\"en-GB\"},{\"@type\":[\"Person\",\"Organization\"],\"@id\":\"https:\\\/\\\/cristianrojas.es\\\/es_es\\\/#\\\/schema\\\/person\\\/262fcf1552c81e030ce23b338e8a9708\",\"name\":\"Cristian Rojas M\u00e1rquez\",\"image\":{\"@type\":\"ImageObject\",\"inLanguage\":\"en-GB\",\"@id\":\"http:\\\/\\\/cristianrojas.es\\\/wp-content\\\/uploads\\\/2023\\\/04\\\/596A1482-scaled.jpg\",\"url\":\"http:\\\/\\\/cristianrojas.es\\\/wp-content\\\/uploads\\\/2023\\\/04\\\/596A1482-scaled.jpg\",\"contentUrl\":\"http:\\\/\\\/cristianrojas.es\\\/wp-content\\\/uploads\\\/2023\\\/04\\\/596A1482-scaled.jpg\",\"width\":2560,\"height\":1707,\"caption\":\"Cristian Rojas M\u00e1rquez\"},\"logo\":{\"@id\":\"http:\\\/\\\/cristianrojas.es\\\/wp-content\\\/uploads\\\/2023\\\/04\\\/596A1482-scaled.jpg\"},\"sameAs\":[\"http:\\\/\\\/cristianrojas.es\",\"https:\\\/\\\/www.facebook.com\\\/SoyCristianRojas\",\"https:\\\/\\\/www.instagram.com\\\/cristianrojas.es\\\/\",\"https:\\\/\\\/www.linkedin.com\\\/company\\\/88897921\\\/admin\\\/\",\"https:\\\/\\\/www.youtube.com\\\/channel\\\/UCS2J3Nb4nvqBTXy1kVJbuDQ\"]}]}<\/script>\n<!-- \/ Yoast SEO plugin. -->","yoast_head_json":{"title":"Contacto - Cristian Rojas","robots":{"index":"index","follow":"follow","max-snippet":"max-snippet:-1","max-image-preview":"max-image-preview:large","max-video-preview":"max-video-preview:-1"},"canonical":"https:\/\/cristianrojas.es\/en\/contacto-cristian-rojas\/","og_locale":"en_GB","og_type":"article","og_title":"Contacto - Cristian Rojas","og_description":"TENGO UN PLAN Principalmente trabajo en las provincias de Alicante y Ciudad Real. Pero voy hasta el infinito y m\u00e1s all\u00e1. Solo ll\u00e1mame. Yo pongo el mapa. LAB La Nucia &#8211; Carrer Guadalest s\/n Tel\u00e9fono: 657029884 EMAIL: hola@cristianrojas.es Fotograf\u00eda y v\u00eddeo para empresas Fotograf\u00eda y v\u00eddeo para empresas","og_url":"https:\/\/cristianrojas.es\/en\/contacto-cristian-rojas\/","og_site_name":"Cristian Rojas","article_publisher":"https:\/\/www.facebook.com\/SoyCristianRojas","article_modified_time":"2023-03-09T11:56:43+00:00","og_image":[{"url":"http:\/\/cristianrojas.es\/wp-content\/uploads\/2022\/07\/IMG_6078-scaled.jpg","type":"","width":"","height":""}],"twitter_card":"summary_large_image","twitter_misc":{"Estimated reading time":"2 minutes"},"schema":{"@context":"https:\/\/schema.org","@graph":[{"@type":"WebPage","@id":"https:\/\/cristianrojas.es\/contacto-cristian-rojas\/","url":"https:\/\/cristianrojas.es\/contacto-cristian-rojas\/","name":"Contacto - Cristian Rojas","isPartOf":{"@id":"https:\/\/cristianrojas.es\/es_es\/#website"},"primaryImageOfPage":{"@id":"https:\/\/cristianrojas.es\/contacto-cristian-rojas\/#primaryimage"},"image":{"@id":"https:\/\/cristianrojas.es\/contacto-cristian-rojas\/#primaryimage"},"thumbnailUrl":"http:\/\/cristianrojas.es\/wp-content\/uploads\/2022\/07\/IMG_6078-scaled.jpg","datePublished":"2022-07-19T12:25:39+00:00","dateModified":"2023-03-09T11:56:43+00:00","breadcrumb":{"@id":"https:\/\/cristianrojas.es\/contacto-cristian-rojas\/#breadcrumb"},"inLanguage":"en-GB","potentialAction":[{"@type":"ReadAction","target":["https:\/\/cristianrojas.es\/contacto-cristian-rojas\/"]}]},{"@type":"ImageObject","inLanguage":"en-GB","@id":"https:\/\/cristianrojas.es\/contacto-cristian-rojas\/#primaryimage","url":"http:\/\/cristianrojas.es\/wp-content\/uploads\/2022\/07\/IMG_6078-scaled.jpg","contentUrl":"http:\/\/cristianrojas.es\/wp-content\/uploads\/2022\/07\/IMG_6078-scaled.jpg"},{"@type":"BreadcrumbList","@id":"https:\/\/cristianrojas.es\/contacto-cristian-rojas\/#breadcrumb","itemListElement":[{"@type":"ListItem","position":1,"name":"Portada","item":"https:\/\/cristianrojas.es\/es_es\/"},{"@type":"ListItem","position":2,"name":"Contacto"}]},{"@type":"WebSite","@id":"https:\/\/cristianrojas.es\/es_es\/#website","url":"https:\/\/cristianrojas.es\/es_es\/","name":"Cristian Rojas","description":"Fotograf\u00eda y v\u00eddeo para empresas en Alicante","publisher":{"@id":"https:\/\/cristianrojas.es\/es_es\/#\/schema\/person\/262fcf1552c81e030ce23b338e8a9708"},"potentialAction":[{"@type":"SearchAction","target":{"@type":"EntryPoint","urlTemplate":"https:\/\/cristianrojas.es\/es_es\/?s={search_term_string}"},"query-input":{"@type":"PropertyValueSpecification","valueRequired":true,"valueName":"search_term_string"}}],"inLanguage":"en-GB"},{"@type":["Person","Organization"],"@id":"https:\/\/cristianrojas.es\/es_es\/#\/schema\/person\/262fcf1552c81e030ce23b338e8a9708","name":"Cristian Rojas M\u00e1rquez","image":{"@type":"ImageObject","inLanguage":"en-GB","@id":"http:\/\/cristianrojas.es\/wp-content\/uploads\/2023\/04\/596A1482-scaled.jpg","url":"http:\/\/cristianrojas.es\/wp-content\/uploads\/2023\/04\/596A1482-scaled.jpg","contentUrl":"http:\/\/cristianrojas.es\/wp-content\/uploads\/2023\/04\/596A1482-scaled.jpg","width":2560,"height":1707,"caption":"Cristian Rojas M\u00e1rquez"},"logo":{"@id":"http:\/\/cristianrojas.es\/wp-content\/uploads\/2023\/04\/596A1482-scaled.jpg"},"sameAs":["http:\/\/cristianrojas.es","https:\/\/www.facebook.com\/SoyCristianRojas","https:\/\/www.instagram.com\/cristianrojas.es\/","https:\/\/www.linkedin.com\/company\/88897921\/admin\/","https:\/\/www.youtube.com\/channel\/UCS2J3Nb4nvqBTXy1kVJbuDQ"]}]}},"_links":{"self":[{"href":"https:\/\/cristianrojas.es\/en\/wp-json\/wp\/v2\/pages\/2602","targetHints":{"allow":["GET"]}}],"collection":[{"href":"https:\/\/cristianrojas.es\/en\/wp-json\/wp\/v2\/pages"}],"about":[{"href":"https:\/\/cristianrojas.es\/en\/wp-json\/wp\/v2\/types\/page"}],"author":[{"embeddable":true,"href":"https:\/\/cristianrojas.es\/en\/wp-json\/wp\/v2\/users\/1"}],"replies":[{"embeddable":true,"href":"https:\/\/cristianrojas.es\/en\/wp-json\/wp\/v2\/comments?post=2602"}],"version-history":[{"count":13,"href":"https:\/\/cristianrojas.es\/en\/wp-json\/wp\/v2\/pages\/2602\/revisions"}],"predecessor-version":[{"id":3208,"href":"https:\/\/cristianrojas.es\/en\/wp-json\/wp\/v2\/pages\/2602\/revisions\/3208"}],"wp:attachment":[{"href":"https:\/\/cristianrojas.es\/en\/wp-json\/wp\/v2\/media?parent=2602"}],"curies":[{"name":"wp","href":"https:\/\/api.w.org\/{rel}","templated":true}]}}