{"id":2712,"date":"2022-07-19T16:08:05","date_gmt":"2022-07-19T16:08:05","guid":{"rendered":"http:\/\/cristianrojas.es\/?page_id=2712"},"modified":"2022-07-19T16:18:36","modified_gmt":"2022-07-19T16:18:36","slug":"aviso-legal","status":"publish","type":"page","link":"https:\/\/cristianrojas.es\/en\/aviso-legal\/","title":{"rendered":"Aviso Legal"},"content":{"rendered":"<div data-elementor-type=\"wp-page\" data-elementor-id=\"2712\" class=\"elementor elementor-2712\">\n\t\t\t\t\t\t<section class=\"elementor-section elementor-top-section elementor-element elementor-element-b747237 elementor-section-boxed elementor-section-height-default elementor-section-height-default\" data-id=\"b747237\" data-element_type=\"section\">\n\t\t\t\t\t\t<div class=\"elementor-container elementor-column-gap-default\">\n\t\t\t\t\t<div class=\"elementor-column elementor-col-100 elementor-top-column elementor-element elementor-element-d814883\" data-id=\"d814883\" data-element_type=\"column\">\n\t\t\t<div class=\"elementor-widget-wrap elementor-element-populated\">\n\t\t\t\t\t\t<div class=\"elementor-element elementor-element-fe8cb4e elementor-widget elementor-widget-text-editor\" data-id=\"fe8cb4e\" data-element_type=\"widget\" data-widget_type=\"text-editor.default\">\n\t\t\t\t<div class=\"elementor-widget-container\">\n\t\t\t\t\t\t\t\t\t<div class=\"elementor-element elementor-element-aed8d7c elementor-widget elementor-widget-heading\" data-id=\"aed8d7c\" data-element_type=\"widget\" data-widget_type=\"heading.default\"><h1 class=\"elementor-widget-container\"><span style=\"font-size: 16px;\">Datos del Responsable<\/span><\/h1><\/div><div class=\"elementor-element elementor-element-385fe56 elementor-widget elementor-widget-text-editor\" data-id=\"385fe56\" data-element_type=\"widget\" data-widget_type=\"text-editor.default\"><div class=\"elementor-widget-container\"><div class=\"elementor-text-editor elementor-clearfix\"><div class=\"et_pb_module et_pb_text et_pb_text_1 et_pb_text_align_left et_pb_bg_layout_light\"><div class=\"et_pb_text_inner\"><div>\u00a0<\/div><ul><li>Identidad del Responsable:\u00a0 Cristian Rojas M\u00e1rquez.<\/li><li>Nombre comercial:\u00a0\u00a0Cristian Rojas.<\/li><li>NIF\/CIF: 05929802-B<\/li><li>Direcci\u00f3n: C\/Carretera,38,2\u00baB, La Nucia, Alicante.<\/li><li>Correo electr\u00f3nico: hola@cristianrojas.es<\/li><\/ul><p>En este espacio, el usuario, podr\u00e1 encontrar toda la informaci\u00f3n relativa a los t\u00e9rminos y condiciones legales que definen las relaciones entre los usuarios y yo como responsable de esta web. Como usuario, es importante que conozcas estos t\u00e9rminos antes de continuar tu navegaci\u00f3n.<\/p><p>Yo, CRISTIAN ROJAS, como responsable de esta web, asumo el compromiso de procesar la informaci\u00f3n de mis usuarios y clientes con plenas garant\u00edas y cumplir con los requisitos nacionales y europeos que regulan la recopilaci\u00f3n y uso de los datos personales de mis usuarios.<\/p><p>Esta web, por tanto, cumple rigurosamente con La Ley Org\u00e1nica 15\/1999, de 13 de diciembre, de Protecci\u00f3n de Datos de Car\u00e1cter Personal (LOPD), y con el Real Decreto 1720\/2007, de 21 de diciembre, conocido como el Reglamento de desarrollo de la LOPD. Cumple tambi\u00e9n con el Reglamento (UE) 2016\/679 del Parlamento Europeo y del Consejo de 27 de abril de 2016 relativo a la protecci\u00f3n de las personas f\u00edsicas (RGPD), as\u00ed como con la Ley 34\/2002, de 11 de julio, de Servicios de la Sociedad de la Informaci\u00f3n y Comercio Electr\u00f3nico (LSSICE \u00f3 LSSI).<\/p><h2>Condiciones generales de uso<\/h2><div>\u00a0<\/div><p>Las presentes Condiciones Generales regulan el uso (incluyendo el mero acceso) de las p\u00e1ginas web, integrantes del sitio web de CRISTIAN ROJAS incluidos los contenidos y servicios puestos a disposici\u00f3n en ellas. Toda persona que acceda a la web, https:\/\/cristianrojas.es (\u201cusuario\u201d) acepta someterse a las Condiciones Generales vigentes en cada momento del portal https:\/\/cristianrojas.es<\/p><h2>Datos personales que recabe y c\u00f3mo lo hago<\/h2><div>\u00a0<\/div><p>Leer pol\u00edtica de privacidad .<\/p><h2>Compromisos y obligaciones de los usuarios<\/h2><div>\u00a0<\/div><p>El usuario queda informado, y acepta, que el acceso a la presente web no supone, en modo alguno, el inicio de una relaci\u00f3n comercial con CRISTIAN ROJAS. De esta forma, el usuario se compromete a utilizar el sitio web, sus servicios y contenidos sin contravenir la legislaci\u00f3n vigente, la buena fe y el orden p\u00fablico.<\/p><p>Queda prohibido el uso de la web, con fines il\u00edcitos o lesivos, o que, de cualquier forma, puedan causar perjuicio o impedir el normal funcionamiento del sitio web. Respecto de los contenidos de esta web, se proh\u00edbe:<\/p><ul><li>Su reproducci\u00f3n, distribuci\u00f3n o modificaci\u00f3n, total o parcial, a menos que se cuente con mi autorizaci\u00f3n como leg\u00edtimo titular;<\/li><li>Cualquier vulneraci\u00f3n de los derechos del prestador o de mi como leg\u00edtimo titular;<\/li><li>Su utilizaci\u00f3n para fines comerciales o publicitarios.<\/li><\/ul><p>En la utilizaci\u00f3n de la web, https:\/\/cristianrojas.es el usuario se compromete a no llevar a cabo ninguna conducta que pudiera da\u00f1ar la imagen, los intereses y los derechos de CRISTIAN ROJAS o de terceros o que pudiera da\u00f1ar, inutilizar o sobrecargar el portal https:\/\/cristianrojas.es o que impidiera, de cualquier forma, la normal utilizaci\u00f3n de la web.<\/p><p>No obstante, el usuario debe ser consciente de que las medidas de seguridad de los sistemas inform\u00e1ticos en Internet no son enteramente fiables y que, por tanto https:\/\/cristianrojas.es no puede garantizar la inexistencia de malware u otros elementos que puedan producir alteraciones en los sistemas inform\u00e1ticos (software y hardware) del usuario o en sus documentos electr\u00f3nicos y ficheros contenidos en los mismos aunque pongo todos los medios necesarios y las medidas de seguridad oportunas para evitar la presencia de estos elementos da\u00f1inos.<\/p><h2>Anuncios patrocinados, enlaces de afiliados y publicidad<\/h2><div>\u00a0<\/div><p>Esta web ofrece a los usuarios contenidos patrocinados, anuncios y\/o enlaces de afiliados.<\/p><p>Entre los enlaces facilitados, existe la posibilidad de informar y de referenciar productos y\/o servicios y\/o infoproductos. En estos \u00faltimos casos, esa solicitud ser\u00e1 remitida a terceros, como son:<\/p><ul><li>NombreAfiliado, http:\/\/dominioafiliado.com\/<\/li><\/ul><p>La informaci\u00f3n que aparezcan en estos enlaces de afiliados o los anuncios insertados, son facilitados por los propios anunciantes, por lo que CRISTIAN ROJAS no se hace responsable de posibles inexactitudes o errores que pudieran contener los anuncios, ni garantiza en modo alguno la experiencia, integridad o responsabilidad de los anunciantes o la calidad de sus productos.<\/p><p>Los anuncios permanecer\u00e1n publicados en el portal hasta que sean eliminados o suspendidos por parte del anunciante o de CRISTIAN ROJAS, que l\u00f3gicamente no ser\u00e1 responsable de que, una vez dados de baja en sus bases de datos, los anuncios contin\u00faen siendo indexados en buscadores ajenos a este portal.<\/p><p>Cualquier relaci\u00f3n contractual o extracontractual que el usuario formalice con los anunciantes, afiliados o terceras personas contactadas a trav\u00e9s de este portal se entienden realizados \u00fanica y exclusivamente entre el usuario y el anunciante y\/o tercera persona. El usuario sabe y acepta que https:\/\/cristianrojas.es \u00fanicamente act\u00faa como cauce o medio publicitario y que por tanto no tiene ning\u00fan tipo de responsabilidad sobre los da\u00f1os o perjuicios de cualquier naturaleza ocasionados con motivo de sus negociaciones, conversaciones y\/o relaciones contractuales o extracontractuales con los anunciantes o terceras personas f\u00edsicas o jur\u00eddicas contactadas a trav\u00e9s de este portal.<\/p><h2>Medidas de seguridad<\/h2><div>\u00a0<\/div><p>Los datos personales comunicados por el usuario a CRISTIAN ROJAS pueden ser almacenados en bases de datos automatizadas o no, cuya titularidad corresponde en exclusiva a CRISTIAN ROJAS, asumiendo \u00e9sta todas las medidas de \u00edndole t\u00e9cnica, organizativa y de seguridad que garantizan la confidencialidad, integridad y calidad de la informaci\u00f3n contenida en las mismas de acuerdo con lo establecido en la normativa vigente en protecci\u00f3n de datos.La comunicaci\u00f3n entre los usuarios y https:\/\/cristianrojas.es utiliza un canal seguro, y los datos transmitidos son cifrados gracias a protocolos a https, por tanto, garantizo las mejores condiciones de seguridad para que la confidencialidad de los usuarios est\u00e9 garantizada.<\/p><h2>Plataforma de resoluci\u00f3n de conflictos<\/h2><div>\u00a0<\/div><p>Pongo tambi\u00e9n a disposici\u00f3n de los usuarios la plataforma de resoluci\u00f3n de litigios que facilita la Comisi\u00f3n Europea y que se encuentra disponible en el siguiente enlace:\u00a0<a href=\"http:\/\/ec.europa.eu\/consumers\/odr\/\" target=\"_blank\" rel=\"noopener\">http:\/\/ec.europa.eu\/consumers\/odr\/<\/a><\/p><h2>Derechos de propiedad intelectual e industrial<\/h2><div>\u00a0<\/div><p>En virtud de lo dispuesto en los art\u00edculos 8 y 32.1, p\u00e1rrafo segundo, de la Ley de Propiedad Intelectual, quedan expresamente prohibidas la reproducci\u00f3n, la distribuci\u00f3n y la comunicaci\u00f3n p\u00fablica, incluida su modalidad de puesta a disposici\u00f3n, de la totalidad o parte de los contenidos de esta p\u00e1gina web, con fines comerciales, en cualquier soporte y por cualquier medio t\u00e9cnico, sin la autorizaci\u00f3n de CRISTIAN ROJAS. El usuario se compromete a respetar los derechos de Propiedad Intelectual e Industrial titularidad de CRISTIAN ROJAS.<\/p><p>El usuario conoce y acepta que la totalidad del sitio web, conteniendo sin car\u00e1cter exhaustivo el texto, software, contenidos (incluyendo estructura, selecci\u00f3n, ordenaci\u00f3n y presentaci\u00f3n de los mismos) podcast, fotograf\u00edas, material audiovisual y gr\u00e1ficos, est\u00e1 protegida por marcas, derechos de autor y otros derechos leg\u00edtimos, de acuerdo con los tratados internacionales en los que Espa\u00f1a es parte y otros derechos de propiedad y leyes de Espa\u00f1a.<\/p><p>En el caso de que un usuario o un tercero consideren que se ha producido una violaci\u00f3n de sus leg\u00edtimos derechos de propiedad intelectual por la introducci\u00f3n de un determinado contenido en la web, deber\u00e1 notificar dicha circunstancia a CRISTIAN ROJAS indicando:<\/p><ul><li>Datos personales del interesado titular de los derechos presuntamente infringidos, o indicar la representaci\u00f3n con la que act\u00faa en caso de que la reclamaci\u00f3n la presente un tercero distinto del interesado.<\/li><li>Se\u00f1alar los contenidos protegidos por los derechos de propiedad intelectual y su ubicaci\u00f3n en la web, la acreditaci\u00f3n de los derechos de propiedad intelectual se\u00f1alados y declaraci\u00f3n expresa en la que el interesado se responsabiliza de la veracidad de las informaciones facilitadas en la notificaci\u00f3n.<\/li><li>\u00a0<\/li><\/ul><h2>Enlaces externos<\/h2><div>\u00a0<\/div><p>Las p\u00e1ginas de la web https:\/\/cristianrojas.es proporciona enlaces a otros sitios web propios y contenidos que son propiedad de terceros tales como:<\/p><ul><li>Herramientas<\/li><li>Recursos<\/li><li>Contenido de otros blogs<\/li><li>Enlaces de afiliados<\/li><\/ul><p>\u00a0<\/p><h2>Exclusi\u00f3n de garant\u00edas y responsable<\/h2><div>\u00a0<\/div><p>CRISTIAN ROJAS no otorga ninguna garant\u00eda ni se hace responsable, en ning\u00fan caso, de los da\u00f1os y perjuicios de cualquier naturaleza que pudieran traer causa de:<\/p><ul><li>La falta de disponibilidad, mantenimiento y efectivo funcionamiento de la web, o de sus servicios y contenidos;<\/li><li>La existencia de malware, programas maliciosos o lesivos en los contenidos;<\/li><li>El uso il\u00edcito, negligente, fraudulento o contrario a este Aviso Legal;<\/li><li>La falta de licitud, calidad, fiabilidad, utilidad y disponibilidad de los servicios prestados por terceros y puestos a disposici\u00f3n de los usuarios en el sitio web.<\/li><li>El prestador no se hace responsable bajo ning\u00fan concepto de los da\u00f1os que pudieran dimanar del uso ilegal o indebido de la presente p\u00e1gina web.<\/li><\/ul><p>\u00a0<\/p><h2>Ley aplicable y jurisdicci\u00f3n<\/h2><div>\u00a0<\/div><p>Con car\u00e1cter general las relaciones entre CRISTIAN ROJAS con los usuarios de sus servicios telem\u00e1ticos, presentes en esta web se encuentran sometidas a la legislaci\u00f3n y jurisdicci\u00f3n espa\u00f1olas y a los tribunales.<\/p><h2>Contacto<\/h2><div>\u00a0<\/div><p>En caso de que cualquier usuario tuviese alguna duda acerca de estas Condiciones legales o cualquier comentario sobre el portal https:\/\/cristianrojas.es, por favor dir\u00edjase a hola@cristianrojas.es<\/p><\/div><\/div><\/div><\/div><\/div>\t\t\t\t\t\t\t\t<\/div>\n\t\t\t\t<\/div>\n\t\t\t\t\t<\/div>\n\t\t<\/div>\n\t\t\t\t\t<\/div>\n\t\t<\/section>\n\t\t\t\t<\/div>","protected":false},"excerpt":{"rendered":"<p>Datos del Responsable \u00a0 Identidad del Responsable:\u00a0 Cristian Rojas M\u00e1rquez. Nombre comercial:\u00a0\u00a0Cristian Rojas. NIF\/CIF: 05929802-B Direcci\u00f3n: C\/Carretera,38,2\u00baB, La Nucia, Alicante. Correo electr\u00f3nico: hola@cristianrojas.es En este espacio, el usuario, podr\u00e1 encontrar toda la informaci\u00f3n relativa a los t\u00e9rminos y condiciones legales que definen las relaciones entre los usuarios y yo como responsable de esta web. Como [&hellip;]<\/p>\n","protected":false},"author":1,"featured_media":0,"parent":0,"menu_order":0,"comment_status":"closed","ping_status":"closed","template":"","meta":{"footnotes":""},"class_list":["post-2712","page","type-page","status-publish","hentry"],"yoast_head":"<!-- This site is optimized with the Yoast SEO plugin v27.4 - https:\/\/yoast.com\/product\/yoast-seo-wordpress\/ -->\n<title>Aviso Legal - Cristian Rojas<\/title>\n<meta name=\"robots\" content=\"index, follow, max-snippet:-1, max-image-preview:large, max-video-preview:-1\" \/>\n<link rel=\"canonical\" href=\"https:\/\/cristianrojas.es\/en\/aviso-legal\/\" \/>\n<meta property=\"og:locale\" content=\"en_GB\" \/>\n<meta property=\"og:type\" content=\"article\" \/>\n<meta property=\"og:title\" content=\"Aviso Legal - Cristian Rojas\" \/>\n<meta property=\"og:description\" content=\"Datos del Responsable \u00a0 Identidad del Responsable:\u00a0 Cristian Rojas M\u00e1rquez. Nombre comercial:\u00a0\u00a0Cristian Rojas. NIF\/CIF: 05929802-B Direcci\u00f3n: C\/Carretera,38,2\u00baB, La Nucia, Alicante. Correo electr\u00f3nico: hola@cristianrojas.es En este espacio, el usuario, podr\u00e1 encontrar toda la informaci\u00f3n relativa a los t\u00e9rminos y condiciones legales que definen las relaciones entre los usuarios y yo como responsable de esta web. Como [&hellip;]\" \/>\n<meta property=\"og:url\" content=\"https:\/\/cristianrojas.es\/en\/aviso-legal\/\" \/>\n<meta property=\"og:site_name\" content=\"Cristian Rojas\" \/>\n<meta property=\"article:publisher\" content=\"https:\/\/www.facebook.com\/SoyCristianRojas\" \/>\n<meta property=\"article:modified_time\" content=\"2022-07-19T16:18:36+00:00\" \/>\n<meta name=\"twitter:card\" content=\"summary_large_image\" \/>\n<meta name=\"twitter:label1\" content=\"Estimated reading time\" \/>\n\t<meta name=\"twitter:data1\" content=\"8 minutes\" \/>\n<script type=\"application\/ld+json\" class=\"yoast-schema-graph\">{\"@context\":\"https:\\\/\\\/schema.org\",\"@graph\":[{\"@type\":\"WebPage\",\"@id\":\"https:\\\/\\\/cristianrojas.es\\\/aviso-legal\\\/\",\"url\":\"https:\\\/\\\/cristianrojas.es\\\/aviso-legal\\\/\",\"name\":\"Aviso Legal - Cristian Rojas\",\"isPartOf\":{\"@id\":\"https:\\\/\\\/cristianrojas.es\\\/es_es\\\/#website\"},\"datePublished\":\"2022-07-19T16:08:05+00:00\",\"dateModified\":\"2022-07-19T16:18:36+00:00\",\"breadcrumb\":{\"@id\":\"https:\\\/\\\/cristianrojas.es\\\/aviso-legal\\\/#breadcrumb\"},\"inLanguage\":\"en-GB\",\"potentialAction\":[{\"@type\":\"ReadAction\",\"target\":[\"https:\\\/\\\/cristianrojas.es\\\/aviso-legal\\\/\"]}]},{\"@type\":\"BreadcrumbList\",\"@id\":\"https:\\\/\\\/cristianrojas.es\\\/aviso-legal\\\/#breadcrumb\",\"itemListElement\":[{\"@type\":\"ListItem\",\"position\":1,\"name\":\"Portada\",\"item\":\"https:\\\/\\\/cristianrojas.es\\\/es_es\\\/\"},{\"@type\":\"ListItem\",\"position\":2,\"name\":\"Aviso Legal\"}]},{\"@type\":\"WebSite\",\"@id\":\"https:\\\/\\\/cristianrojas.es\\\/es_es\\\/#website\",\"url\":\"https:\\\/\\\/cristianrojas.es\\\/es_es\\\/\",\"name\":\"Cristian Rojas\",\"description\":\"Fotograf\u00eda y v\u00eddeo para empresas en Alicante\",\"publisher\":{\"@id\":\"https:\\\/\\\/cristianrojas.es\\\/es_es\\\/#\\\/schema\\\/person\\\/262fcf1552c81e030ce23b338e8a9708\"},\"potentialAction\":[{\"@type\":\"SearchAction\",\"target\":{\"@type\":\"EntryPoint\",\"urlTemplate\":\"https:\\\/\\\/cristianrojas.es\\\/es_es\\\/?s={search_term_string}\"},\"query-input\":{\"@type\":\"PropertyValueSpecification\",\"valueRequired\":true,\"valueName\":\"search_term_string\"}}],\"inLanguage\":\"en-GB\"},{\"@type\":[\"Person\",\"Organization\"],\"@id\":\"https:\\\/\\\/cristianrojas.es\\\/es_es\\\/#\\\/schema\\\/person\\\/262fcf1552c81e030ce23b338e8a9708\",\"name\":\"Cristian Rojas M\u00e1rquez\",\"image\":{\"@type\":\"ImageObject\",\"inLanguage\":\"en-GB\",\"@id\":\"http:\\\/\\\/cristianrojas.es\\\/wp-content\\\/uploads\\\/2023\\\/04\\\/596A1482-scaled.jpg\",\"url\":\"http:\\\/\\\/cristianrojas.es\\\/wp-content\\\/uploads\\\/2023\\\/04\\\/596A1482-scaled.jpg\",\"contentUrl\":\"http:\\\/\\\/cristianrojas.es\\\/wp-content\\\/uploads\\\/2023\\\/04\\\/596A1482-scaled.jpg\",\"width\":2560,\"height\":1707,\"caption\":\"Cristian Rojas M\u00e1rquez\"},\"logo\":{\"@id\":\"http:\\\/\\\/cristianrojas.es\\\/wp-content\\\/uploads\\\/2023\\\/04\\\/596A1482-scaled.jpg\"},\"sameAs\":[\"http:\\\/\\\/cristianrojas.es\",\"https:\\\/\\\/www.facebook.com\\\/SoyCristianRojas\",\"https:\\\/\\\/www.instagram.com\\\/cristianrojas.es\\\/\",\"https:\\\/\\\/www.linkedin.com\\\/company\\\/88897921\\\/admin\\\/\",\"https:\\\/\\\/www.youtube.com\\\/channel\\\/UCS2J3Nb4nvqBTXy1kVJbuDQ\"]}]}<\/script>\n<!-- \/ Yoast SEO plugin. -->","yoast_head_json":{"title":"Aviso Legal - Cristian Rojas","robots":{"index":"index","follow":"follow","max-snippet":"max-snippet:-1","max-image-preview":"max-image-preview:large","max-video-preview":"max-video-preview:-1"},"canonical":"https:\/\/cristianrojas.es\/en\/aviso-legal\/","og_locale":"en_GB","og_type":"article","og_title":"Aviso Legal - Cristian Rojas","og_description":"Datos del Responsable \u00a0 Identidad del Responsable:\u00a0 Cristian Rojas M\u00e1rquez. Nombre comercial:\u00a0\u00a0Cristian Rojas. NIF\/CIF: 05929802-B Direcci\u00f3n: C\/Carretera,38,2\u00baB, La Nucia, Alicante. Correo electr\u00f3nico: hola@cristianrojas.es En este espacio, el usuario, podr\u00e1 encontrar toda la informaci\u00f3n relativa a los t\u00e9rminos y condiciones legales que definen las relaciones entre los usuarios y yo como responsable de esta web. Como [&hellip;]","og_url":"https:\/\/cristianrojas.es\/en\/aviso-legal\/","og_site_name":"Cristian Rojas","article_publisher":"https:\/\/www.facebook.com\/SoyCristianRojas","article_modified_time":"2022-07-19T16:18:36+00:00","twitter_card":"summary_large_image","twitter_misc":{"Estimated reading time":"8 minutes"},"schema":{"@context":"https:\/\/schema.org","@graph":[{"@type":"WebPage","@id":"https:\/\/cristianrojas.es\/aviso-legal\/","url":"https:\/\/cristianrojas.es\/aviso-legal\/","name":"Aviso Legal - Cristian Rojas","isPartOf":{"@id":"https:\/\/cristianrojas.es\/es_es\/#website"},"datePublished":"2022-07-19T16:08:05+00:00","dateModified":"2022-07-19T16:18:36+00:00","breadcrumb":{"@id":"https:\/\/cristianrojas.es\/aviso-legal\/#breadcrumb"},"inLanguage":"en-GB","potentialAction":[{"@type":"ReadAction","target":["https:\/\/cristianrojas.es\/aviso-legal\/"]}]},{"@type":"BreadcrumbList","@id":"https:\/\/cristianrojas.es\/aviso-legal\/#breadcrumb","itemListElement":[{"@type":"ListItem","position":1,"name":"Portada","item":"https:\/\/cristianrojas.es\/es_es\/"},{"@type":"ListItem","position":2,"name":"Aviso Legal"}]},{"@type":"WebSite","@id":"https:\/\/cristianrojas.es\/es_es\/#website","url":"https:\/\/cristianrojas.es\/es_es\/","name":"Cristian Rojas","description":"Fotograf\u00eda y v\u00eddeo para empresas en Alicante","publisher":{"@id":"https:\/\/cristianrojas.es\/es_es\/#\/schema\/person\/262fcf1552c81e030ce23b338e8a9708"},"potentialAction":[{"@type":"SearchAction","target":{"@type":"EntryPoint","urlTemplate":"https:\/\/cristianrojas.es\/es_es\/?s={search_term_string}"},"query-input":{"@type":"PropertyValueSpecification","valueRequired":true,"valueName":"search_term_string"}}],"inLanguage":"en-GB"},{"@type":["Person","Organization"],"@id":"https:\/\/cristianrojas.es\/es_es\/#\/schema\/person\/262fcf1552c81e030ce23b338e8a9708","name":"Cristian Rojas M\u00e1rquez","image":{"@type":"ImageObject","inLanguage":"en-GB","@id":"http:\/\/cristianrojas.es\/wp-content\/uploads\/2023\/04\/596A1482-scaled.jpg","url":"http:\/\/cristianrojas.es\/wp-content\/uploads\/2023\/04\/596A1482-scaled.jpg","contentUrl":"http:\/\/cristianrojas.es\/wp-content\/uploads\/2023\/04\/596A1482-scaled.jpg","width":2560,"height":1707,"caption":"Cristian Rojas M\u00e1rquez"},"logo":{"@id":"http:\/\/cristianrojas.es\/wp-content\/uploads\/2023\/04\/596A1482-scaled.jpg"},"sameAs":["http:\/\/cristianrojas.es","https:\/\/www.facebook.com\/SoyCristianRojas","https:\/\/www.instagram.com\/cristianrojas.es\/","https:\/\/www.linkedin.com\/company\/88897921\/admin\/","https:\/\/www.youtube.com\/channel\/UCS2J3Nb4nvqBTXy1kVJbuDQ"]}]}},"_links":{"self":[{"href":"https:\/\/cristianrojas.es\/en\/wp-json\/wp\/v2\/pages\/2712","targetHints":{"allow":["GET"]}}],"collection":[{"href":"https:\/\/cristianrojas.es\/en\/wp-json\/wp\/v2\/pages"}],"about":[{"href":"https:\/\/cristianrojas.es\/en\/wp-json\/wp\/v2\/types\/page"}],"author":[{"embeddable":true,"href":"https:\/\/cristianrojas.es\/en\/wp-json\/wp\/v2\/users\/1"}],"replies":[{"embeddable":true,"href":"https:\/\/cristianrojas.es\/en\/wp-json\/wp\/v2\/comments?post=2712"}],"version-history":[{"count":5,"href":"https:\/\/cristianrojas.es\/en\/wp-json\/wp\/v2\/pages\/2712\/revisions"}],"predecessor-version":[{"id":2718,"href":"https:\/\/cristianrojas.es\/en\/wp-json\/wp\/v2\/pages\/2712\/revisions\/2718"}],"wp:attachment":[{"href":"https:\/\/cristianrojas.es\/en\/wp-json\/wp\/v2\/media?parent=2712"}],"curies":[{"name":"wp","href":"https:\/\/api.w.org\/{rel}","templated":true}]}}