{"id":3600,"date":"2023-04-25T19:37:13","date_gmt":"2023-04-25T19:37:13","guid":{"rendered":"https:\/\/cristianrojas.es\/product\/album\/"},"modified":"2024-06-24T07:17:01","modified_gmt":"2024-06-24T07:17:01","slug":"photomovil","status":"publish","type":"product","link":"https:\/\/cristianrojas.es\/es_es\/producto\/photomovil\/","title":{"rendered":"CURSO DE FOTOGRAF\u00cdA CON EL M\u00d3VIL PARA PRINCIPIANTES"},"content":{"rendered":"<p>Si eres de esas personas que siempre est\u00e1n diciendo que quieren aprender fotograf\u00eda, pero nunca llega el d\u00eda, he pensado mucho en ti, y es que todo llega.<\/p>\n<p>Si eres un emprendedor que le toca crear su contenido, una madre amorosa, o viajas y no aguantas m\u00e1s esas fotos que echas, esta formaci\u00f3n esta creada justamente para ti. Aprende las nociones b\u00e1sicas de la fotograf\u00eda de una forma r\u00e1pida, amena y al grano.<\/p>\n","protected":false},"excerpt":{"rendered":"<p>Aprende las nociones b\u00e1sicas de la fotograf\u00eda de una forma r\u00e1pida, amena y al grano.<\/p>\n<ul>\n<li>A tu ritmo<\/li>\n<li>5 h de v\u00eddeos<\/li>\n<li>Descargables PDF<\/li>\n<li>Soporte por correo electr\u00f3nico (3 meses)<\/li>\n<li>1 videollamada final<\/li>\n<\/ul>\n","protected":false},"featured_media":3673,"template":"","meta":[],"product_brand":[],"product_cat":[42],"product_tag":[],"class_list":{"0":"post-3600","1":"product","2":"type-product","3":"status-publish","4":"has-post-thumbnail","6":"product_cat-fotografia","7":"post","9":"first","10":"instock","11":"sale","12":"virtual","13":"purchasable","14":"product-type-simple"},"yoast_head":"<!-- This site is optimized with the Yoast SEO plugin v27.4 - https:\/\/yoast.com\/product\/yoast-seo-wordpress\/ -->\n<title>CURSO DE FOTOGRAF\u00cdA CON EL M\u00d3VIL PARA PRINCIPIANTES - Cristian Rojas<\/title>\n<meta name=\"description\" content=\"Aprende fotograf\u00eda de una forma r\u00e1pida, f\u00e1cil y al grano. Conoce las nociones b\u00e1sicas de la fotograf\u00eda para mejorar tus fotos.\" \/>\n<meta name=\"robots\" content=\"index, follow, max-snippet:-1, max-image-preview:large, max-video-preview:-1\" \/>\n<link rel=\"canonical\" href=\"https:\/\/cristianrojas.es\/es_es\/producto\/photomovil\/\" \/>\n<meta property=\"og:locale\" content=\"es_ES\" \/>\n<meta property=\"og:type\" content=\"article\" \/>\n<meta property=\"og:title\" content=\"CURSO DE FOTOGRAF\u00cdA CON EL M\u00d3VIL PARA PRINCIPIANTES - Cristian Rojas\" \/>\n<meta property=\"og:description\" content=\"Aprende fotograf\u00eda de una forma r\u00e1pida, f\u00e1cil y al grano. Conoce las nociones b\u00e1sicas de la fotograf\u00eda para mejorar tus fotos.\" \/>\n<meta property=\"og:url\" content=\"https:\/\/cristianrojas.es\/es_es\/producto\/photomovil\/\" \/>\n<meta property=\"og:site_name\" content=\"Cristian Rojas\" \/>\n<meta property=\"article:publisher\" content=\"https:\/\/www.facebook.com\/SoyCristianRojas\" \/>\n<meta property=\"article:modified_time\" content=\"2024-06-24T07:17:01+00:00\" \/>\n<meta property=\"og:image\" content=\"https:\/\/cristianrojas.es\/wp-content\/uploads\/2023\/04\/CURSO-DE-FOTOGRAFIA-CON-EL-MOVIL-PARA-PRINCIPIANTES.jpg\" \/>\n\t<meta property=\"og:image:width\" content=\"1080\" \/>\n\t<meta property=\"og:image:height\" content=\"1080\" \/>\n\t<meta property=\"og:image:type\" content=\"image\/jpeg\" \/>\n<meta name=\"twitter:card\" content=\"summary_large_image\" \/>\n<meta name=\"twitter:label1\" content=\"Tiempo de lectura\" \/>\n\t<meta name=\"twitter:data1\" content=\"1 minuto\" \/>\n<script type=\"application\/ld+json\" class=\"yoast-schema-graph\">{\"@context\":\"https:\\\/\\\/schema.org\",\"@graph\":[{\"@type\":\"WebPage\",\"@id\":\"https:\\\/\\\/cristianrojas.es\\\/producto\\\/photomovil\\\/\",\"url\":\"https:\\\/\\\/cristianrojas.es\\\/producto\\\/photomovil\\\/\",\"name\":\"CURSO DE FOTOGRAF\u00cdA CON EL M\u00d3VIL PARA PRINCIPIANTES - Cristian Rojas\",\"isPartOf\":{\"@id\":\"https:\\\/\\\/cristianrojas.es\\\/es_es\\\/#website\"},\"primaryImageOfPage\":{\"@id\":\"https:\\\/\\\/cristianrojas.es\\\/producto\\\/photomovil\\\/#primaryimage\"},\"image\":{\"@id\":\"https:\\\/\\\/cristianrojas.es\\\/producto\\\/photomovil\\\/#primaryimage\"},\"thumbnailUrl\":\"https:\\\/\\\/cristianrojas.es\\\/wp-content\\\/uploads\\\/2023\\\/04\\\/CURSO-DE-FOTOGRAFIA-CON-EL-MOVIL-PARA-PRINCIPIANTES.jpg\",\"datePublished\":\"2023-04-25T19:37:13+00:00\",\"dateModified\":\"2024-06-24T07:17:01+00:00\",\"description\":\"Aprende fotograf\u00eda de una forma r\u00e1pida, f\u00e1cil y al grano. Conoce las nociones b\u00e1sicas de la fotograf\u00eda para mejorar tus fotos.\",\"breadcrumb\":{\"@id\":\"https:\\\/\\\/cristianrojas.es\\\/producto\\\/photomovil\\\/#breadcrumb\"},\"inLanguage\":\"es\",\"potentialAction\":[{\"@type\":\"ReadAction\",\"target\":[\"https:\\\/\\\/cristianrojas.es\\\/producto\\\/photomovil\\\/\"]}]},{\"@type\":\"ImageObject\",\"inLanguage\":\"es\",\"@id\":\"https:\\\/\\\/cristianrojas.es\\\/producto\\\/photomovil\\\/#primaryimage\",\"url\":\"https:\\\/\\\/cristianrojas.es\\\/wp-content\\\/uploads\\\/2023\\\/04\\\/CURSO-DE-FOTOGRAFIA-CON-EL-MOVIL-PARA-PRINCIPIANTES.jpg\",\"contentUrl\":\"https:\\\/\\\/cristianrojas.es\\\/wp-content\\\/uploads\\\/2023\\\/04\\\/CURSO-DE-FOTOGRAFIA-CON-EL-MOVIL-PARA-PRINCIPIANTES.jpg\",\"width\":1080,\"height\":1080,\"caption\":\"Curso de fotograf\u00eda\"},{\"@type\":\"BreadcrumbList\",\"@id\":\"https:\\\/\\\/cristianrojas.es\\\/producto\\\/photomovil\\\/#breadcrumb\",\"itemListElement\":[{\"@type\":\"ListItem\",\"position\":1,\"name\":\"Portada\",\"item\":\"https:\\\/\\\/cristianrojas.es\\\/es_es\\\/\"},{\"@type\":\"ListItem\",\"position\":2,\"name\":\"Formaciones\",\"item\":\"https:\\\/\\\/cristianrojas.es\\\/formaciones\\\/\"},{\"@type\":\"ListItem\",\"position\":3,\"name\":\"CURSO DE FOTOGRAF\u00cdA CON EL M\u00d3VIL PARA PRINCIPIANTES\"}]},{\"@type\":\"WebSite\",\"@id\":\"https:\\\/\\\/cristianrojas.es\\\/es_es\\\/#website\",\"url\":\"https:\\\/\\\/cristianrojas.es\\\/es_es\\\/\",\"name\":\"Cristian Rojas\",\"description\":\"Fotograf\u00eda y v\u00eddeo para empresas en Alicante\",\"publisher\":{\"@id\":\"https:\\\/\\\/cristianrojas.es\\\/es_es\\\/#\\\/schema\\\/person\\\/262fcf1552c81e030ce23b338e8a9708\"},\"potentialAction\":[{\"@type\":\"SearchAction\",\"target\":{\"@type\":\"EntryPoint\",\"urlTemplate\":\"https:\\\/\\\/cristianrojas.es\\\/es_es\\\/?s={search_term_string}\"},\"query-input\":{\"@type\":\"PropertyValueSpecification\",\"valueRequired\":true,\"valueName\":\"search_term_string\"}}],\"inLanguage\":\"es\"},{\"@type\":[\"Person\",\"Organization\"],\"@id\":\"https:\\\/\\\/cristianrojas.es\\\/es_es\\\/#\\\/schema\\\/person\\\/262fcf1552c81e030ce23b338e8a9708\",\"name\":\"Cristian Rojas M\u00e1rquez\",\"image\":{\"@type\":\"ImageObject\",\"inLanguage\":\"es\",\"@id\":\"http:\\\/\\\/cristianrojas.es\\\/wp-content\\\/uploads\\\/2023\\\/04\\\/596A1482-scaled.jpg\",\"url\":\"http:\\\/\\\/cristianrojas.es\\\/wp-content\\\/uploads\\\/2023\\\/04\\\/596A1482-scaled.jpg\",\"contentUrl\":\"http:\\\/\\\/cristianrojas.es\\\/wp-content\\\/uploads\\\/2023\\\/04\\\/596A1482-scaled.jpg\",\"width\":2560,\"height\":1707,\"caption\":\"Cristian Rojas M\u00e1rquez\"},\"logo\":{\"@id\":\"http:\\\/\\\/cristianrojas.es\\\/wp-content\\\/uploads\\\/2023\\\/04\\\/596A1482-scaled.jpg\"},\"sameAs\":[\"http:\\\/\\\/cristianrojas.es\",\"https:\\\/\\\/www.facebook.com\\\/SoyCristianRojas\",\"https:\\\/\\\/www.instagram.com\\\/cristianrojas.es\\\/\",\"https:\\\/\\\/www.linkedin.com\\\/company\\\/88897921\\\/admin\\\/\",\"https:\\\/\\\/www.youtube.com\\\/channel\\\/UCS2J3Nb4nvqBTXy1kVJbuDQ\"]}]}<\/script>\n<!-- \/ Yoast SEO plugin. -->","yoast_head_json":{"title":"CURSO DE FOTOGRAF\u00cdA CON EL M\u00d3VIL PARA PRINCIPIANTES - Cristian Rojas","description":"Aprende fotograf\u00eda de una forma r\u00e1pida, f\u00e1cil y al grano. Conoce las nociones b\u00e1sicas de la fotograf\u00eda para mejorar tus fotos.","robots":{"index":"index","follow":"follow","max-snippet":"max-snippet:-1","max-image-preview":"max-image-preview:large","max-video-preview":"max-video-preview:-1"},"canonical":"https:\/\/cristianrojas.es\/es_es\/producto\/photomovil\/","og_locale":"es_ES","og_type":"article","og_title":"CURSO DE FOTOGRAF\u00cdA CON EL M\u00d3VIL PARA PRINCIPIANTES - Cristian Rojas","og_description":"Aprende fotograf\u00eda de una forma r\u00e1pida, f\u00e1cil y al grano. Conoce las nociones b\u00e1sicas de la fotograf\u00eda para mejorar tus fotos.","og_url":"https:\/\/cristianrojas.es\/es_es\/producto\/photomovil\/","og_site_name":"Cristian Rojas","article_publisher":"https:\/\/www.facebook.com\/SoyCristianRojas","article_modified_time":"2024-06-24T07:17:01+00:00","og_image":[{"width":1080,"height":1080,"url":"https:\/\/cristianrojas.es\/wp-content\/uploads\/2023\/04\/CURSO-DE-FOTOGRAFIA-CON-EL-MOVIL-PARA-PRINCIPIANTES.jpg","type":"image\/jpeg"}],"twitter_card":"summary_large_image","twitter_misc":{"Tiempo de lectura":"1 minuto"},"schema":{"@context":"https:\/\/schema.org","@graph":[{"@type":"WebPage","@id":"https:\/\/cristianrojas.es\/producto\/photomovil\/","url":"https:\/\/cristianrojas.es\/producto\/photomovil\/","name":"CURSO DE FOTOGRAF\u00cdA CON EL M\u00d3VIL PARA PRINCIPIANTES - Cristian Rojas","isPartOf":{"@id":"https:\/\/cristianrojas.es\/es_es\/#website"},"primaryImageOfPage":{"@id":"https:\/\/cristianrojas.es\/producto\/photomovil\/#primaryimage"},"image":{"@id":"https:\/\/cristianrojas.es\/producto\/photomovil\/#primaryimage"},"thumbnailUrl":"https:\/\/cristianrojas.es\/wp-content\/uploads\/2023\/04\/CURSO-DE-FOTOGRAFIA-CON-EL-MOVIL-PARA-PRINCIPIANTES.jpg","datePublished":"2023-04-25T19:37:13+00:00","dateModified":"2024-06-24T07:17:01+00:00","description":"Aprende fotograf\u00eda de una forma r\u00e1pida, f\u00e1cil y al grano. Conoce las nociones b\u00e1sicas de la fotograf\u00eda para mejorar tus fotos.","breadcrumb":{"@id":"https:\/\/cristianrojas.es\/producto\/photomovil\/#breadcrumb"},"inLanguage":"es","potentialAction":[{"@type":"ReadAction","target":["https:\/\/cristianrojas.es\/producto\/photomovil\/"]}]},{"@type":"ImageObject","inLanguage":"es","@id":"https:\/\/cristianrojas.es\/producto\/photomovil\/#primaryimage","url":"https:\/\/cristianrojas.es\/wp-content\/uploads\/2023\/04\/CURSO-DE-FOTOGRAFIA-CON-EL-MOVIL-PARA-PRINCIPIANTES.jpg","contentUrl":"https:\/\/cristianrojas.es\/wp-content\/uploads\/2023\/04\/CURSO-DE-FOTOGRAFIA-CON-EL-MOVIL-PARA-PRINCIPIANTES.jpg","width":1080,"height":1080,"caption":"Curso de fotograf\u00eda"},{"@type":"BreadcrumbList","@id":"https:\/\/cristianrojas.es\/producto\/photomovil\/#breadcrumb","itemListElement":[{"@type":"ListItem","position":1,"name":"Portada","item":"https:\/\/cristianrojas.es\/es_es\/"},{"@type":"ListItem","position":2,"name":"Formaciones","item":"https:\/\/cristianrojas.es\/formaciones\/"},{"@type":"ListItem","position":3,"name":"CURSO DE FOTOGRAF\u00cdA CON EL M\u00d3VIL PARA PRINCIPIANTES"}]},{"@type":"WebSite","@id":"https:\/\/cristianrojas.es\/es_es\/#website","url":"https:\/\/cristianrojas.es\/es_es\/","name":"Cristian Rojas","description":"Fotograf\u00eda y v\u00eddeo para empresas en Alicante","publisher":{"@id":"https:\/\/cristianrojas.es\/es_es\/#\/schema\/person\/262fcf1552c81e030ce23b338e8a9708"},"potentialAction":[{"@type":"SearchAction","target":{"@type":"EntryPoint","urlTemplate":"https:\/\/cristianrojas.es\/es_es\/?s={search_term_string}"},"query-input":{"@type":"PropertyValueSpecification","valueRequired":true,"valueName":"search_term_string"}}],"inLanguage":"es"},{"@type":["Person","Organization"],"@id":"https:\/\/cristianrojas.es\/es_es\/#\/schema\/person\/262fcf1552c81e030ce23b338e8a9708","name":"Cristian Rojas M\u00e1rquez","image":{"@type":"ImageObject","inLanguage":"es","@id":"http:\/\/cristianrojas.es\/wp-content\/uploads\/2023\/04\/596A1482-scaled.jpg","url":"http:\/\/cristianrojas.es\/wp-content\/uploads\/2023\/04\/596A1482-scaled.jpg","contentUrl":"http:\/\/cristianrojas.es\/wp-content\/uploads\/2023\/04\/596A1482-scaled.jpg","width":2560,"height":1707,"caption":"Cristian Rojas M\u00e1rquez"},"logo":{"@id":"http:\/\/cristianrojas.es\/wp-content\/uploads\/2023\/04\/596A1482-scaled.jpg"},"sameAs":["http:\/\/cristianrojas.es","https:\/\/www.facebook.com\/SoyCristianRojas","https:\/\/www.instagram.com\/cristianrojas.es\/","https:\/\/www.linkedin.com\/company\/88897921\/admin\/","https:\/\/www.youtube.com\/channel\/UCS2J3Nb4nvqBTXy1kVJbuDQ"]}]}},"_links":{"self":[{"href":"https:\/\/cristianrojas.es\/es_es\/wp-json\/wp\/v2\/product\/3600","targetHints":{"allow":["GET"]}}],"collection":[{"href":"https:\/\/cristianrojas.es\/es_es\/wp-json\/wp\/v2\/product"}],"about":[{"href":"https:\/\/cristianrojas.es\/es_es\/wp-json\/wp\/v2\/types\/product"}],"wp:featuredmedia":[{"embeddable":true,"href":"https:\/\/cristianrojas.es\/es_es\/wp-json\/wp\/v2\/media\/3673"}],"wp:attachment":[{"href":"https:\/\/cristianrojas.es\/es_es\/wp-json\/wp\/v2\/media?parent=3600"}],"wp:term":[{"taxonomy":"product_brand","embeddable":true,"href":"https:\/\/cristianrojas.es\/es_es\/wp-json\/wp\/v2\/product_brand?post=3600"},{"taxonomy":"product_cat","embeddable":true,"href":"https:\/\/cristianrojas.es\/es_es\/wp-json\/wp\/v2\/product_cat?post=3600"},{"taxonomy":"product_tag","embeddable":true,"href":"https:\/\/cristianrojas.es\/es_es\/wp-json\/wp\/v2\/product_tag?post=3600"}],"curies":[{"name":"wp","href":"https:\/\/api.w.org\/{rel}","templated":true}]}}